{"id":632,"date":"2024-11-04T12:53:14","date_gmt":"2024-11-04T12:53:14","guid":{"rendered":"https:\/\/blog.harz-history.de\/?page_id=632"},"modified":"2024-11-10T08:56:06","modified_gmt":"2024-11-10T08:56:06","slug":"uks-2006","status":"publish","type":"page","link":"https:\/\/blog.harz-history.de\/?page_id=632","title":{"rendered":"UKS 2006"},"content":{"rendered":"<div class=\"_3d-flip-book  fb3d-fullscreen-mode full-size\" data-id=\"677\" data-mode=\"fullscreen\" data-title=\"false\" data-template=\"short-white-book-view\" data-lightbox=\"dark-shadow\" data-urlparam=\"fb3d-page\" data-page-n=\"0\" data-pdf=\"\" data-tax=\"null\" data-thumbnail=\"\" data-cols=\"3\" data-book-template=\"default\" data-trigger=\"\"><\/div><script type=\"text\/javascript\">window.FB3D_CLIENT_DATA = window.FB3D_CLIENT_DATA || [];FB3D_CLIENT_DATA.push('eyJwb3N0cyI6eyI2NzciOnsiSUQiOjY3NywidGl0bGUiOiJVS1MgMDc3IE1cdTAwZTRyeiAyMDA2IiwidHlwZSI6InBkZiIsInJlYWR5X2Z1bmN0aW9uIjoiIiwiYm9va19zdHlsZSI6ImZsYXQiLCJib29rX3RlbXBsYXRlIjoibm9uZSIsIm91dGxpbmUiOltdLCJkYXRhIjp7InBvc3RfSUQiOiI2NzgiLCJndWlkIjoiaHR0cHM6XC9cL2QzbmE3azhjdmlmZDR0LmNsb3VkZnJvbnQubmV0XC93cC1jb250ZW50XC91cGxvYWRzXC8yMDI0XC8xMVwvMDQxMzIyMzdcL1VLU18wNzdfTXJ6MjAwNi1PQ1IucGRmIiwicGRmX3BhZ2VzIjoiNTYiLCJwYWdlc19jdXN0b21pemF0aW9uIjoibm9uZSJ9LCJ0aHVtYm5haWwiOnsiZGF0YSI6eyJwb3N0X0lEIjoiMCJ9LCJ0eXBlIjoiYXV0byJ9LCJwcm9wcyI6eyJiYWNrZ3JvdW5kQ29sb3IiOiJhdXRvIiwiYmFja2dyb3VuZEltYWdlIjoiYXV0byIsImJhY2tncm91bmRTdHlsZSI6ImF1dG8iLCJoaWdobGlnaHRMaW5rcyI6ImF1dG8iLCJsaWdodGluZyI6ImF1dG8iLCJzaW5nbGVQYWdlTW9kZSI6ImF1dG8iLCJjYWNoZWRQYWdlcyI6ImF1dG8iLCJyZW5kZXJJbmFjdGl2ZVBhZ2VzIjoiYXV0byIsInJlbmRlckluYWN0aXZlUGFnZXNPbk1vYmlsZSI6ImF1dG8iLCJyZW5kZXJXaGlsZUZsaXBwaW5nIjoiYXV0byIsInByZWxvYWRQYWdlcyI6ImF1dG8iLCJhdXRvUGxheUR1cmF0aW9uIjoiYXV0byIsInJ0bCI6ImF1dG8iLCJpbnRlcmFjdGl2ZUNvcm5lcnMiOiJhdXRvIiwibWF4RGVwdGgiOiJhdXRvIiwic2hlZXQiOnsic3RhcnRWZWxvY2l0eSI6ImF1dG8iLCJ3YXZlIjoiYXV0byIsInNoYXBlIjoiYXV0byIsIndpZHRoVGV4ZWxzIjoiYXV0byIsImNvbG9yIjoiYXV0byIsInNpZGUiOiJhdXRvIiwic3RyZXRjaEltYWdlcyI6ImF1dG8iLCJjb3JuZXJEZXZpYXRpb24iOiJhdXRvIiwiZmxleGliaWxpdHkiOiJhdXRvIiwiZmxleGlibGVDb3JuZXIiOiJhdXRvIiwiYmVuZGluZyI6ImF1dG8iLCJoZWlnaHRUZXhlbHMiOiJhdXRvIn0sImNvdmVyIjp7IndhdmUiOiJhdXRvIiwiY29sb3IiOiJhdXRvIiwic2lkZSI6ImF1dG8iLCJzdHJldGNoSW1hZ2VzIjoiYXV0byIsImJpbmRlclRleHR1cmUiOiJhdXRvIiwiZGVwdGgiOiJhdXRvIiwicGFkZGluZyI6ImF1dG8iLCJzdGFydFZlbG9jaXR5IjoiYXV0byIsImZsZXhpYmlsaXR5IjoiYXV0byIsImZsZXhpYmxlQ29ybmVyIjoiYXV0byIsImJlbmRpbmciOiJhdXRvIiwid2lkdGhUZXhlbHMiOiJhdXRvIiwiaGVpZ2h0VGV4ZWxzIjoiYXV0byIsIm1hc3MiOiJhdXRvIiwic2hhcGUiOiJhdXRvIn0sInBhZ2UiOnsid2F2ZSI6ImF1dG8iLCJjb2xvciI6ImF1dG8iLCJzaWRlIjoiYXV0byIsInN0cmV0Y2hJbWFnZXMiOiJhdXRvIiwiZGVwdGgiOiJhdXRvIiwic3RhcnRWZWxvY2l0eSI6ImF1dG8iLCJmbGV4aWJpbGl0eSI6ImF1dG8iLCJmbGV4aWJsZUNvcm5lciI6ImF1dG8iLCJiZW5kaW5nIjoiYXV0byIsIndpZHRoVGV4ZWxzIjoiYXV0byIsImhlaWdodFRleGVscyI6ImF1dG8iLCJtYXNzIjoiYXV0byIsInNoYXBlIjoiYXV0byJ9LCJoZWlnaHQiOiJhdXRvIiwid2lkdGgiOiJhdXRvIiwiZ3Jhdml0eSI6ImF1dG8iLCJwYWdlc0ZvclByZWRpY3RpbmciOiJhdXRvIn0sImNvbnRyb2xQcm9wcyI6eyJhY3Rpb25zIjp7ImNtZFRvYyI6eyJlbmFibGVkIjoiYXV0byIsImVuYWJsZWRJbk5hcnJvdyI6ImF1dG8iLCJhY3RpdmUiOiJhdXRvIiwiZGVmYXVsdFRhYiI6ImF1dG8ifSwiY21kQXV0b1BsYXkiOnsiZW5hYmxlZCI6ImF1dG8iLCJlbmFibGVkSW5OYXJyb3ciOiJhdXRvIiwiYWN0aXZlIjoiYXV0byJ9LCJjbWRTYXZlIjp7ImVuYWJsZWQiOiJhdXRvIiwiZW5hYmxlZEluTmFycm93IjoiYXV0byJ9LCJjbWRQcmludCI6eyJlbmFibGVkIjoiYXV0byIsImVuYWJsZWRJbk5hcnJvdyI6ImF1dG8ifSwiY21kU2luZ2xlUGFnZSI6eyJlbmFibGVkIjoiYXV0byIsImVuYWJsZWRJbk5hcnJvdyI6ImF1dG8iLCJhY3RpdmUiOiJhdXRvIiwiYWN0aXZlRm9yTW9iaWxlIjoiYXV0byJ9LCJ3aWRUb29sYmFyIjp7ImVuYWJsZWQiOiJhdXRvIiwiZW5hYmxlZEluTmFycm93IjoiYXV0byJ9fX0sImF1dG9UaHVtYm5haWwiOiJodHRwczpcL1wvYmxvZy5oYXJ6LWhpc3RvcnkuZGVcL3dwLWNvbnRlbnRcL3VwbG9hZHNcLzNkLWZsaXAtYm9va1wvYXV0by10aHVtYm5haWxzXC82NzcucG5nIiwicG9zdF9uYW1lIjoidWtzLTA3Ny1tYWVyei0yMDA2IiwicG9zdF90eXBlIjoiM2QtZmxpcC1ib29rIn19LCJwYWdlcyI6W10sImZpcnN0UGFnZXMiOltdfQ==');window.FB3D_CLIENT_LOCALE && FB3D_CLIENT_LOCALE.render && FB3D_CLIENT_LOCALE.render();<\/script>\n\n\n\n<p id=\"077\"><strong>Ausgabe 077 M\u00e4rz 2006<\/strong><\/p>\n\n\n\n<p>Titelbild: HAGV-Vorstand 1986 beim Uhlenklippensiegel-Start<br>Alte Burgen und andere historische St\u00e4tten um Harzburg, Teil 4 \u2013 Wirtschaftshof auf dem G\u00fcdeken, die Stapelburg, Kloster W\u00f6ltingerode&nbsp; (Hans Schmidt)<br>Heinrich Heine zum 150. Todestag (Jutta Richter)<br>Gedanken zum Kaiserring (Anja Richter)<br>Das Fl\u00fcchtlingselend in den Jahren 1945 und 1946 (Hans Kuhne)<br>Villa Wessel, das heutige Nieders\u00e4chsische Internatsgymnasium (Harry Plaster)<br>Inhaltsverzeichnis Jahrgang 20\/2005<br>Beisetzungen in der alten Neust\u00e4dter Kirche zwischen 1649 und 1720 (Hans-Hermann Wedekind)<\/p>\n\n\n<div class=\"_3d-flip-book  fb3d-fullscreen-mode full-size\" data-id=\"682\" data-mode=\"fullscreen\" data-title=\"false\" data-template=\"short-white-book-view\" data-lightbox=\"dark-shadow\" data-urlparam=\"fb3d-page\" data-page-n=\"0\" data-pdf=\"\" data-tax=\"null\" data-thumbnail=\"\" data-cols=\"3\" data-book-template=\"default\" data-trigger=\"\"><\/div><script type=\"text\/javascript\">window.FB3D_CLIENT_DATA = window.FB3D_CLIENT_DATA || [];FB3D_CLIENT_DATA.push('eyJwb3N0cyI6eyI2ODIiOnsiSUQiOjY4MiwidGl0bGUiOiJVS1MgMDc4IEp1bmkgMjAwNiIsInR5cGUiOiJwZGYiLCJyZWFkeV9mdW5jdGlvbiI6IiIsImJvb2tfc3R5bGUiOiJmbGF0IiwiYm9va190ZW1wbGF0ZSI6Im5vbmUiLCJvdXRsaW5lIjpbXSwiZGF0YSI6eyJwb3N0X0lEIjoiNjc5IiwiZ3VpZCI6Imh0dHBzOlwvXC9kM25hN2s4Y3ZpZmQ0dC5jbG91ZGZyb250Lm5ldFwvd3AtY29udGVudFwvdXBsb2Fkc1wvMjAyNFwvMTFcLzA0MTMyMjUyXC9VS1NfMDc4X0p1bjIwMDYtT0NSLnBkZiIsInBkZl9wYWdlcyI6IjQ4IiwicGFnZXNfY3VzdG9taXphdGlvbiI6Im5vbmUifSwidGh1bWJuYWlsIjp7ImRhdGEiOnsicG9zdF9JRCI6IjAifSwidHlwZSI6ImF1dG8ifSwicHJvcHMiOnsiYmFja2dyb3VuZENvbG9yIjoiYXV0byIsImJhY2tncm91bmRJbWFnZSI6ImF1dG8iLCJiYWNrZ3JvdW5kU3R5bGUiOiJhdXRvIiwiaGlnaGxpZ2h0TGlua3MiOiJhdXRvIiwibGlnaHRpbmciOiJhdXRvIiwic2luZ2xlUGFnZU1vZGUiOiJhdXRvIiwiY2FjaGVkUGFnZXMiOiJhdXRvIiwicmVuZGVySW5hY3RpdmVQYWdlcyI6ImF1dG8iLCJyZW5kZXJJbmFjdGl2ZVBhZ2VzT25Nb2JpbGUiOiJhdXRvIiwicmVuZGVyV2hpbGVGbGlwcGluZyI6ImF1dG8iLCJwcmVsb2FkUGFnZXMiOiJhdXRvIiwiYXV0b1BsYXlEdXJhdGlvbiI6ImF1dG8iLCJydGwiOiJhdXRvIiwiaW50ZXJhY3RpdmVDb3JuZXJzIjoiYXV0byIsIm1heERlcHRoIjoiYXV0byIsInNoZWV0Ijp7InN0YXJ0VmVsb2NpdHkiOiJhdXRvIiwid2F2ZSI6ImF1dG8iLCJzaGFwZSI6ImF1dG8iLCJ3aWR0aFRleGVscyI6ImF1dG8iLCJjb2xvciI6ImF1dG8iLCJzaWRlIjoiYXV0byIsInN0cmV0Y2hJbWFnZXMiOiJhdXRvIiwiY29ybmVyRGV2aWF0aW9uIjoiYXV0byIsImZsZXhpYmlsaXR5IjoiYXV0byIsImZsZXhpYmxlQ29ybmVyIjoiYXV0byIsImJlbmRpbmciOiJhdXRvIiwiaGVpZ2h0VGV4ZWxzIjoiYXV0byJ9LCJjb3ZlciI6eyJ3YXZlIjoiYXV0byIsImNvbG9yIjoiYXV0byIsInNpZGUiOiJhdXRvIiwic3RyZXRjaEltYWdlcyI6ImF1dG8iLCJiaW5kZXJUZXh0dXJlIjoiYXV0byIsImRlcHRoIjoiYXV0byIsInBhZGRpbmciOiJhdXRvIiwic3RhcnRWZWxvY2l0eSI6ImF1dG8iLCJmbGV4aWJpbGl0eSI6ImF1dG8iLCJmbGV4aWJsZUNvcm5lciI6ImF1dG8iLCJiZW5kaW5nIjoiYXV0byIsIndpZHRoVGV4ZWxzIjoiYXV0byIsImhlaWdodFRleGVscyI6ImF1dG8iLCJtYXNzIjoiYXV0byIsInNoYXBlIjoiYXV0byJ9LCJwYWdlIjp7IndhdmUiOiJhdXRvIiwiY29sb3IiOiJhdXRvIiwic2lkZSI6ImF1dG8iLCJzdHJldGNoSW1hZ2VzIjoiYXV0byIsImRlcHRoIjoiYXV0byIsInN0YXJ0VmVsb2NpdHkiOiJhdXRvIiwiZmxleGliaWxpdHkiOiJhdXRvIiwiZmxleGlibGVDb3JuZXIiOiJhdXRvIiwiYmVuZGluZyI6ImF1dG8iLCJ3aWR0aFRleGVscyI6ImF1dG8iLCJoZWlnaHRUZXhlbHMiOiJhdXRvIiwibWFzcyI6ImF1dG8iLCJzaGFwZSI6ImF1dG8ifSwiaGVpZ2h0IjoiYXV0byIsIndpZHRoIjoiYXV0byIsImdyYXZpdHkiOiJhdXRvIiwicGFnZXNGb3JQcmVkaWN0aW5nIjoiYXV0byJ9LCJjb250cm9sUHJvcHMiOnsiYWN0aW9ucyI6eyJjbWRUb2MiOnsiZW5hYmxlZCI6ImF1dG8iLCJlbmFibGVkSW5OYXJyb3ciOiJhdXRvIiwiYWN0aXZlIjoiYXV0byIsImRlZmF1bHRUYWIiOiJhdXRvIn0sImNtZEF1dG9QbGF5Ijp7ImVuYWJsZWQiOiJhdXRvIiwiZW5hYmxlZEluTmFycm93IjoiYXV0byIsImFjdGl2ZSI6ImF1dG8ifSwiY21kU2F2ZSI6eyJlbmFibGVkIjoiYXV0byIsImVuYWJsZWRJbk5hcnJvdyI6ImF1dG8ifSwiY21kUHJpbnQiOnsiZW5hYmxlZCI6ImF1dG8iLCJlbmFibGVkSW5OYXJyb3ciOiJhdXRvIn0sImNtZFNpbmdsZVBhZ2UiOnsiZW5hYmxlZCI6ImF1dG8iLCJlbmFibGVkSW5OYXJyb3ciOiJhdXRvIiwiYWN0aXZlIjoiYXV0byIsImFjdGl2ZUZvck1vYmlsZSI6ImF1dG8ifSwid2lkVG9vbGJhciI6eyJlbmFibGVkIjoiYXV0byIsImVuYWJsZWRJbk5hcnJvdyI6ImF1dG8ifX19LCJhdXRvVGh1bWJuYWlsIjoiaHR0cHM6XC9cL2Jsb2cuaGFyei1oaXN0b3J5LmRlXC93cC1jb250ZW50XC91cGxvYWRzXC8zZC1mbGlwLWJvb2tcL2F1dG8tdGh1bWJuYWlsc1wvNjgyLnBuZyIsInBvc3RfbmFtZSI6InVrcy0wNzgtanVuaS0yMDA2IiwicG9zdF90eXBlIjoiM2QtZmxpcC1ib29rIn19LCJwYWdlcyI6W10sImZpcnN0UGFnZXMiOltdfQ==');window.FB3D_CLIENT_LOCALE && FB3D_CLIENT_LOCALE.render && FB3D_CLIENT_LOCALE.render();<\/script>\n\n\n\n<p id=\"078\"><strong>Ausgabe 078 Juni 2006<\/strong><\/p>\n\n\n\n<p>Titelbild: Modell des Domes in Goslar<br>Jahreshauptversammlung HGV (Eike Zenner\/GZ)<br>Hinter den Kulissen der Goslarer Hoftage, Teil 1 (Hans Schmidt)<br>Zur Er\u00f6ffnung der Ausstellung \u201eHeiliges R\u00f6misches Reich Deutscher Nation 962 &#8211; 1806\u201c in Magdeburg und Berlin (Jutta Richter)<br>Das Helenenstift (Hans-Hermann Wedekind)<br>Das Leben in der unmittelbaren Nachkriegszeit \u2013 Von der \u201eStunde Null\u201c bis zur W\u00e4hrungsreform (Hans Kuhne)<br>Neue Heimat am Fallstein: Die Zeit der Normalisierung der Lebensverh\u00e4ltnisse (Waltraut M\u00fche)<br>Urspr\u00fcngliche Gestaltung des Chorraums der Lutherkirche (Hans-Hermann Wedekind)<\/p>\n\n\n<div class=\"_3d-flip-book  fb3d-fullscreen-mode full-size\" data-id=\"683\" data-mode=\"fullscreen\" data-title=\"false\" data-template=\"short-white-book-view\" data-lightbox=\"dark-shadow\" data-urlparam=\"fb3d-page\" data-page-n=\"0\" data-pdf=\"\" data-tax=\"null\" data-thumbnail=\"\" data-cols=\"3\" data-book-template=\"default\" data-trigger=\"\"><\/div><script type=\"text\/javascript\">window.FB3D_CLIENT_DATA = window.FB3D_CLIENT_DATA || [];FB3D_CLIENT_DATA.push('eyJwb3N0cyI6eyI2ODMiOnsiSUQiOjY4MywidGl0bGUiOiJVS1MgMDc5IFNlcHRlbWJlciAyMDA2IiwidHlwZSI6InBkZiIsInJlYWR5X2Z1bmN0aW9uIjoiIiwiYm9va19zdHlsZSI6ImZsYXQiLCJib29rX3RlbXBsYXRlIjoibm9uZSIsIm91dGxpbmUiOltdLCJkYXRhIjp7InBvc3RfSUQiOiI2ODAiLCJndWlkIjoiaHR0cHM6XC9cL2QzbmE3azhjdmlmZDR0LmNsb3VkZnJvbnQubmV0XC93cC1jb250ZW50XC91cGxvYWRzXC8yMDI0XC8xMVwvMDQxMzIzMDNcL1VLU18wNzlfU2VwMjAwNi1PQ1IucGRmIiwicGRmX3BhZ2VzIjoiNDgiLCJwYWdlc19jdXN0b21pemF0aW9uIjoibm9uZSJ9LCJ0aHVtYm5haWwiOnsiZGF0YSI6eyJwb3N0X0lEIjoiMCJ9LCJ0eXBlIjoiYXV0byJ9LCJwcm9wcyI6eyJiYWNrZ3JvdW5kQ29sb3IiOiJhdXRvIiwiYmFja2dyb3VuZEltYWdlIjoiYXV0byIsImJhY2tncm91bmRTdHlsZSI6ImF1dG8iLCJoaWdobGlnaHRMaW5rcyI6ImF1dG8iLCJsaWdodGluZyI6ImF1dG8iLCJzaW5nbGVQYWdlTW9kZSI6ImF1dG8iLCJjYWNoZWRQYWdlcyI6ImF1dG8iLCJyZW5kZXJJbmFjdGl2ZVBhZ2VzIjoiYXV0byIsInJlbmRlckluYWN0aXZlUGFnZXNPbk1vYmlsZSI6ImF1dG8iLCJyZW5kZXJXaGlsZUZsaXBwaW5nIjoiYXV0byIsInByZWxvYWRQYWdlcyI6ImF1dG8iLCJhdXRvUGxheUR1cmF0aW9uIjoiYXV0byIsInJ0bCI6ImF1dG8iLCJpbnRlcmFjdGl2ZUNvcm5lcnMiOiJhdXRvIiwibWF4RGVwdGgiOiJhdXRvIiwic2hlZXQiOnsic3RhcnRWZWxvY2l0eSI6ImF1dG8iLCJ3YXZlIjoiYXV0byIsInNoYXBlIjoiYXV0byIsIndpZHRoVGV4ZWxzIjoiYXV0byIsImNvbG9yIjoiYXV0byIsInNpZGUiOiJhdXRvIiwic3RyZXRjaEltYWdlcyI6ImF1dG8iLCJjb3JuZXJEZXZpYXRpb24iOiJhdXRvIiwiZmxleGliaWxpdHkiOiJhdXRvIiwiZmxleGlibGVDb3JuZXIiOiJhdXRvIiwiYmVuZGluZyI6ImF1dG8iLCJoZWlnaHRUZXhlbHMiOiJhdXRvIn0sImNvdmVyIjp7IndhdmUiOiJhdXRvIiwiY29sb3IiOiJhdXRvIiwic2lkZSI6ImF1dG8iLCJzdHJldGNoSW1hZ2VzIjoiYXV0byIsImJpbmRlclRleHR1cmUiOiJhdXRvIiwiZGVwdGgiOiJhdXRvIiwicGFkZGluZyI6ImF1dG8iLCJzdGFydFZlbG9jaXR5IjoiYXV0byIsImZsZXhpYmlsaXR5IjoiYXV0byIsImZsZXhpYmxlQ29ybmVyIjoiYXV0byIsImJlbmRpbmciOiJhdXRvIiwid2lkdGhUZXhlbHMiOiJhdXRvIiwiaGVpZ2h0VGV4ZWxzIjoiYXV0byIsIm1hc3MiOiJhdXRvIiwic2hhcGUiOiJhdXRvIn0sInBhZ2UiOnsid2F2ZSI6ImF1dG8iLCJjb2xvciI6ImF1dG8iLCJzaWRlIjoiYXV0byIsInN0cmV0Y2hJbWFnZXMiOiJhdXRvIiwiZGVwdGgiOiJhdXRvIiwic3RhcnRWZWxvY2l0eSI6ImF1dG8iLCJmbGV4aWJpbGl0eSI6ImF1dG8iLCJmbGV4aWJsZUNvcm5lciI6ImF1dG8iLCJiZW5kaW5nIjoiYXV0byIsIndpZHRoVGV4ZWxzIjoiYXV0byIsImhlaWdodFRleGVscyI6ImF1dG8iLCJtYXNzIjoiYXV0byIsInNoYXBlIjoiYXV0byJ9LCJoZWlnaHQiOiJhdXRvIiwid2lkdGgiOiJhdXRvIiwiZ3Jhdml0eSI6ImF1dG8iLCJwYWdlc0ZvclByZWRpY3RpbmciOiJhdXRvIn0sImNvbnRyb2xQcm9wcyI6eyJhY3Rpb25zIjp7ImNtZFRvYyI6eyJlbmFibGVkIjoiYXV0byIsImVuYWJsZWRJbk5hcnJvdyI6ImF1dG8iLCJhY3RpdmUiOiJhdXRvIiwiZGVmYXVsdFRhYiI6ImF1dG8ifSwiY21kQXV0b1BsYXkiOnsiZW5hYmxlZCI6ImF1dG8iLCJlbmFibGVkSW5OYXJyb3ciOiJhdXRvIiwiYWN0aXZlIjoiYXV0byJ9LCJjbWRTYXZlIjp7ImVuYWJsZWQiOiJhdXRvIiwiZW5hYmxlZEluTmFycm93IjoiYXV0byJ9LCJjbWRQcmludCI6eyJlbmFibGVkIjoiYXV0byIsImVuYWJsZWRJbk5hcnJvdyI6ImF1dG8ifSwiY21kU2luZ2xlUGFnZSI6eyJlbmFibGVkIjoiYXV0byIsImVuYWJsZWRJbk5hcnJvdyI6ImF1dG8iLCJhY3RpdmUiOiJhdXRvIiwiYWN0aXZlRm9yTW9iaWxlIjoiYXV0byJ9LCJ3aWRUb29sYmFyIjp7ImVuYWJsZWQiOiJhdXRvIiwiZW5hYmxlZEluTmFycm93IjoiYXV0byJ9fX0sImF1dG9UaHVtYm5haWwiOiJodHRwczpcL1wvYmxvZy5oYXJ6LWhpc3RvcnkuZGVcL3dwLWNvbnRlbnRcL3VwbG9hZHNcLzNkLWZsaXAtYm9va1wvYXV0by10aHVtYm5haWxzXC82ODMucG5nIiwicG9zdF9uYW1lIjoidWtzLTA3OS1zZXB0ZW1iZXItMjAwNiIsInBvc3RfdHlwZSI6IjNkLWZsaXAtYm9vayJ9fSwicGFnZXMiOltdLCJmaXJzdFBhZ2VzIjpbXX0=');window.FB3D_CLIENT_LOCALE && FB3D_CLIENT_LOCALE.render && FB3D_CLIENT_LOCALE.render();<\/script>\n\n\n\n<p id=\"079\"><strong>Ausgabe 079 September 2006<\/strong><\/p>\n\n\n\n<p>Titelbild: Abschnittsgraben der Harzburg<br>Hinter den Kulissen der Goslarer Hoftage, Teil 2 (Hans Schmidt)<br>Gottfried August B\u00fcrger \u2013 ein trauriges Dichterleben (Jutta Richter)<br>Kaiser Heinrich IV. &nbsp;(Inge Bohnstengel)<br>Aufstieg aus den Ruinen: Entnazifizierung &#8211; Luftbr\u00fccke &#8211; Gr\u00fcndung der Bundesrepublik (Hans Kuhne)<br>Sammlung 1988 zur Wiederherstellung des Bahnhofsfensters Bad Harzburg<br>\u201eKirche\u201c nach Luther (Hans-Hermann Wedekind)<\/p>\n\n\n<div class=\"_3d-flip-book  fb3d-fullscreen-mode full-size\" data-id=\"684\" data-mode=\"fullscreen\" data-title=\"false\" data-template=\"short-white-book-view\" data-lightbox=\"dark-shadow\" data-urlparam=\"fb3d-page\" data-page-n=\"0\" data-pdf=\"\" data-tax=\"null\" data-thumbnail=\"\" data-cols=\"3\" data-book-template=\"default\" data-trigger=\"\"><\/div><script type=\"text\/javascript\">window.FB3D_CLIENT_DATA = window.FB3D_CLIENT_DATA || [];FB3D_CLIENT_DATA.push('eyJwb3N0cyI6eyI2ODQiOnsiSUQiOjY4NCwidGl0bGUiOiJVS1MgMDgwIERlemVtYmVyIDIwMDYiLCJ0eXBlIjoicGRmIiwicmVhZHlfZnVuY3Rpb24iOiIiLCJib29rX3N0eWxlIjoiZmxhdCIsImJvb2tfdGVtcGxhdGUiOiJub25lIiwib3V0bGluZSI6W10sImRhdGEiOnsicG9zdF9JRCI6IjY4MSIsImd1aWQiOiJodHRwczpcL1wvZDNuYTdrOGN2aWZkNHQuY2xvdWRmcm9udC5uZXRcL3dwLWNvbnRlbnRcL3VwbG9hZHNcLzIwMjRcLzExXC8wNDEzMjMxNlwvVUtTXzA4MF9EZXoyMDA2LU9DUi5wZGYiLCJwZGZfcGFnZXMiOiI1MiIsInBhZ2VzX2N1c3RvbWl6YXRpb24iOiJub25lIn0sInRodW1ibmFpbCI6eyJkYXRhIjp7InBvc3RfSUQiOiIwIn0sInR5cGUiOiJhdXRvIn0sInByb3BzIjp7ImJhY2tncm91bmRDb2xvciI6ImF1dG8iLCJiYWNrZ3JvdW5kSW1hZ2UiOiJhdXRvIiwiYmFja2dyb3VuZFN0eWxlIjoiYXV0byIsImhpZ2hsaWdodExpbmtzIjoiYXV0byIsImxpZ2h0aW5nIjoiYXV0byIsInNpbmdsZVBhZ2VNb2RlIjoiYXV0byIsImNhY2hlZFBhZ2VzIjoiYXV0byIsInJlbmRlckluYWN0aXZlUGFnZXMiOiJhdXRvIiwicmVuZGVySW5hY3RpdmVQYWdlc09uTW9iaWxlIjoiYXV0byIsInJlbmRlcldoaWxlRmxpcHBpbmciOiJhdXRvIiwicHJlbG9hZFBhZ2VzIjoiYXV0byIsImF1dG9QbGF5RHVyYXRpb24iOiJhdXRvIiwicnRsIjoiYXV0byIsImludGVyYWN0aXZlQ29ybmVycyI6ImF1dG8iLCJtYXhEZXB0aCI6ImF1dG8iLCJzaGVldCI6eyJzdGFydFZlbG9jaXR5IjoiYXV0byIsIndhdmUiOiJhdXRvIiwic2hhcGUiOiJhdXRvIiwid2lkdGhUZXhlbHMiOiJhdXRvIiwiY29sb3IiOiJhdXRvIiwic2lkZSI6ImF1dG8iLCJzdHJldGNoSW1hZ2VzIjoiYXV0byIsImNvcm5lckRldmlhdGlvbiI6ImF1dG8iLCJmbGV4aWJpbGl0eSI6ImF1dG8iLCJmbGV4aWJsZUNvcm5lciI6ImF1dG8iLCJiZW5kaW5nIjoiYXV0byIsImhlaWdodFRleGVscyI6ImF1dG8ifSwiY292ZXIiOnsid2F2ZSI6ImF1dG8iLCJjb2xvciI6ImF1dG8iLCJzaWRlIjoiYXV0byIsInN0cmV0Y2hJbWFnZXMiOiJhdXRvIiwiYmluZGVyVGV4dHVyZSI6ImF1dG8iLCJkZXB0aCI6ImF1dG8iLCJwYWRkaW5nIjoiYXV0byIsInN0YXJ0VmVsb2NpdHkiOiJhdXRvIiwiZmxleGliaWxpdHkiOiJhdXRvIiwiZmxleGlibGVDb3JuZXIiOiJhdXRvIiwiYmVuZGluZyI6ImF1dG8iLCJ3aWR0aFRleGVscyI6ImF1dG8iLCJoZWlnaHRUZXhlbHMiOiJhdXRvIiwibWFzcyI6ImF1dG8iLCJzaGFwZSI6ImF1dG8ifSwicGFnZSI6eyJ3YXZlIjoiYXV0byIsImNvbG9yIjoiYXV0byIsInNpZGUiOiJhdXRvIiwic3RyZXRjaEltYWdlcyI6ImF1dG8iLCJkZXB0aCI6ImF1dG8iLCJzdGFydFZlbG9jaXR5IjoiYXV0byIsImZsZXhpYmlsaXR5IjoiYXV0byIsImZsZXhpYmxlQ29ybmVyIjoiYXV0byIsImJlbmRpbmciOiJhdXRvIiwid2lkdGhUZXhlbHMiOiJhdXRvIiwiaGVpZ2h0VGV4ZWxzIjoiYXV0byIsIm1hc3MiOiJhdXRvIiwic2hhcGUiOiJhdXRvIn0sImhlaWdodCI6ImF1dG8iLCJ3aWR0aCI6ImF1dG8iLCJncmF2aXR5IjoiYXV0byIsInBhZ2VzRm9yUHJlZGljdGluZyI6ImF1dG8ifSwiY29udHJvbFByb3BzIjp7ImFjdGlvbnMiOnsiY21kVG9jIjp7ImVuYWJsZWQiOiJhdXRvIiwiZW5hYmxlZEluTmFycm93IjoiYXV0byIsImFjdGl2ZSI6ImF1dG8iLCJkZWZhdWx0VGFiIjoiYXV0byJ9LCJjbWRBdXRvUGxheSI6eyJlbmFibGVkIjoiYXV0byIsImVuYWJsZWRJbk5hcnJvdyI6ImF1dG8iLCJhY3RpdmUiOiJhdXRvIn0sImNtZFNhdmUiOnsiZW5hYmxlZCI6ImF1dG8iLCJlbmFibGVkSW5OYXJyb3ciOiJhdXRvIn0sImNtZFByaW50Ijp7ImVuYWJsZWQiOiJhdXRvIiwiZW5hYmxlZEluTmFycm93IjoiYXV0byJ9LCJjbWRTaW5nbGVQYWdlIjp7ImVuYWJsZWQiOiJhdXRvIiwiZW5hYmxlZEluTmFycm93IjoiYXV0byIsImFjdGl2ZSI6ImF1dG8iLCJhY3RpdmVGb3JNb2JpbGUiOiJhdXRvIn0sIndpZFRvb2xiYXIiOnsiZW5hYmxlZCI6ImF1dG8iLCJlbmFibGVkSW5OYXJyb3ciOiJhdXRvIn19fSwiYXV0b1RodW1ibmFpbCI6Imh0dHBzOlwvXC9ibG9nLmhhcnotaGlzdG9yeS5kZVwvd3AtY29udGVudFwvdXBsb2Fkc1wvM2QtZmxpcC1ib29rXC9hdXRvLXRodW1ibmFpbHNcLzY4NC5wbmciLCJwb3N0X25hbWUiOiJ1a3MtMDgwLWRlemVtYmVyLTIwMDYiLCJwb3N0X3R5cGUiOiIzZC1mbGlwLWJvb2sifX0sInBhZ2VzIjpbXSwiZmlyc3RQYWdlcyI6W119');window.FB3D_CLIENT_LOCALE && FB3D_CLIENT_LOCALE.render && FB3D_CLIENT_LOCALE.render();<\/script>\n\n\n\n<p id=\"080\"><strong>Ausgabe 080 Dezember 2006<\/strong><\/p>\n\n\n\n<p>Titelbild: Erinnerung an das Kurhaus Bad Harzburg<br>Wie Burg und Amt Harzburg an Braunschweig kam, Teil 1 (Hans Schmidt)<br>Zum 250. Geburtstag: Wolfgang Amadeus Mozart (Jutta Richter)<br>Nachruf: Horst-Axel L\u00fcttgering<br>Die Pfingstanger des Amtes Harzburg (Hans-Hermann Wedekind)<br>Demokratisierung und Vergangenheitsbew\u00e4ltigung in der unmittelbaren Nachkriegszeit (Hans Kuhne)<br>Reisebericht: Wien &#8211; Burgenland \u2013 Pressburg (Hans Kuhne)<br>200. Auflage: Die heimatkundlichen Tagesfahrten<br>Wiedersehenstreffen und Klassenveranstaltungen in den Fallstein-D\u00f6rfern (Waltraut M\u00fche)<br>Harzburger Pfarrh\u00e4user (Hans-Hermann Wedekind)<\/p>\n","protected":false},"excerpt":{"rendered":"<p>Ausgabe 077 M\u00e4rz 2006 Titelbild: HAGV-Vorstand 1986 beim Uhlenklippensiegel-StartAlte Burgen und andere historische St\u00e4tten um Harzburg, Teil 4 \u2013 Wirtschaftshof auf dem G\u00fcdeken, die Stapelburg, Kloster W\u00f6ltingerode&nbsp; (Hans Schmidt)Heinrich Heine zum 150. Todestag (Jutta Richter)Gedanken zum Kaiserring (Anja Richter)Das Fl\u00fcchtlingselend<\/p>\n","protected":false},"author":2,"featured_media":0,"parent":479,"menu_order":0,"comment_status":"closed","ping_status":"closed","template":"","meta":{"footnotes":""},"class_list":["post-632","page","type-page","status-publish","hentry"],"jetpack_sharing_enabled":true,"_links":{"self":[{"href":"https:\/\/blog.harz-history.de\/index.php?rest_route=\/wp\/v2\/pages\/632","targetHints":{"allow":["GET"]}}],"collection":[{"href":"https:\/\/blog.harz-history.de\/index.php?rest_route=\/wp\/v2\/pages"}],"about":[{"href":"https:\/\/blog.harz-history.de\/index.php?rest_route=\/wp\/v2\/types\/page"}],"author":[{"embeddable":true,"href":"https:\/\/blog.harz-history.de\/index.php?rest_route=\/wp\/v2\/users\/2"}],"replies":[{"embeddable":true,"href":"https:\/\/blog.harz-history.de\/index.php?rest_route=%2Fwp%2Fv2%2Fcomments&post=632"}],"version-history":[{"count":6,"href":"https:\/\/blog.harz-history.de\/index.php?rest_route=\/wp\/v2\/pages\/632\/revisions"}],"predecessor-version":[{"id":1361,"href":"https:\/\/blog.harz-history.de\/index.php?rest_route=\/wp\/v2\/pages\/632\/revisions\/1361"}],"up":[{"embeddable":true,"href":"https:\/\/blog.harz-history.de\/index.php?rest_route=\/wp\/v2\/pages\/479"}],"wp:attachment":[{"href":"https:\/\/blog.harz-history.de\/index.php?rest_route=%2Fwp%2Fv2%2Fmedia&parent=632"}],"curies":[{"name":"wp","href":"https:\/\/api.w.org\/{rel}","templated":true}]}}