{"id":277,"date":"2024-11-03T10:06:02","date_gmt":"2024-11-03T10:06:02","guid":{"rendered":"https:\/\/blog.harz-history.de\/?page_id=277"},"modified":"2024-11-09T03:57:51","modified_gmt":"2024-11-09T03:57:51","slug":"uks_1987","status":"publish","type":"page","link":"https:\/\/blog.harz-history.de\/?page_id=277","title":{"rendered":"UKS_1987"},"content":{"rendered":"<div class=\"_3d-flip-book  fb3d-fullscreen-mode full-size\" data-id=\"279\" data-mode=\"fullscreen\" data-title=\"false\" data-template=\"short-white-book-view\" data-lightbox=\"dark-shadow\" data-urlparam=\"fb3d-page\" data-page-n=\"0\" data-pdf=\"\" data-tax=\"null\" data-thumbnail=\"\" data-cols=\"3\" data-book-template=\"default\" data-trigger=\"\"><\/div><script type=\"text\/javascript\">window.FB3D_CLIENT_DATA = window.FB3D_CLIENT_DATA || [];FB3D_CLIENT_DATA.push('eyJwb3N0cyI6eyIyNzkiOnsiSUQiOjI3OSwidGl0bGUiOiJVS1NfMDA0X0ZlYnJ1YXIxOTg3IiwidHlwZSI6InBkZiIsInJlYWR5X2Z1bmN0aW9uIjoiIiwiYm9va19zdHlsZSI6ImZsYXQiLCJib29rX3RlbXBsYXRlIjoibm9uZSIsIm91dGxpbmUiOltdLCJkYXRhIjp7InBvc3RfSUQiOiIxNjgiLCJndWlkIjoiaHR0cHM6XC9cL2QzbmE3azhjdmlmZDR0LmNsb3VkZnJvbnQubmV0XC93cC1jb250ZW50XC91cGxvYWRzXC8yMDI0XC8xMFwvMDQxMzQzMTdcL1VLU18wMDRfRmViMTk4Ny1PQ1IucGRmIiwicGRmX3BhZ2VzIjoiMjgiLCJwYWdlc19jdXN0b21pemF0aW9uIjoibm9uZSJ9LCJ0aHVtYm5haWwiOnsiZGF0YSI6eyJwb3N0X0lEIjoiMCJ9LCJ0eXBlIjoiYXV0byJ9LCJwcm9wcyI6eyJiYWNrZ3JvdW5kQ29sb3IiOiJhdXRvIiwiYmFja2dyb3VuZEltYWdlIjoiYXV0byIsImJhY2tncm91bmRTdHlsZSI6ImF1dG8iLCJoaWdobGlnaHRMaW5rcyI6ImF1dG8iLCJsaWdodGluZyI6ImF1dG8iLCJzaW5nbGVQYWdlTW9kZSI6ImF1dG8iLCJjYWNoZWRQYWdlcyI6ImF1dG8iLCJyZW5kZXJJbmFjdGl2ZVBhZ2VzIjoiYXV0byIsInJlbmRlckluYWN0aXZlUGFnZXNPbk1vYmlsZSI6ImF1dG8iLCJyZW5kZXJXaGlsZUZsaXBwaW5nIjoiYXV0byIsInByZWxvYWRQYWdlcyI6ImF1dG8iLCJhdXRvUGxheUR1cmF0aW9uIjoiYXV0byIsInJ0bCI6ImF1dG8iLCJpbnRlcmFjdGl2ZUNvcm5lcnMiOiJhdXRvIiwibWF4RGVwdGgiOiJhdXRvIiwic2hlZXQiOnsic3RhcnRWZWxvY2l0eSI6ImF1dG8iLCJ3YXZlIjoiYXV0byIsInNoYXBlIjoiYXV0byIsIndpZHRoVGV4ZWxzIjoiYXV0byIsImNvbG9yIjoiYXV0byIsInNpZGUiOiJhdXRvIiwic3RyZXRjaEltYWdlcyI6ImF1dG8iLCJjb3JuZXJEZXZpYXRpb24iOiJhdXRvIiwiZmxleGliaWxpdHkiOiJhdXRvIiwiZmxleGlibGVDb3JuZXIiOiJhdXRvIiwiYmVuZGluZyI6ImF1dG8iLCJoZWlnaHRUZXhlbHMiOiJhdXRvIn0sImNvdmVyIjp7IndhdmUiOiJhdXRvIiwiY29sb3IiOiJhdXRvIiwic2lkZSI6ImF1dG8iLCJzdHJldGNoSW1hZ2VzIjoiYXV0byIsImJpbmRlclRleHR1cmUiOiJhdXRvIiwiZGVwdGgiOiJhdXRvIiwicGFkZGluZyI6ImF1dG8iLCJzdGFydFZlbG9jaXR5IjoiYXV0byIsImZsZXhpYmlsaXR5IjoiYXV0byIsImZsZXhpYmxlQ29ybmVyIjoiYXV0byIsImJlbmRpbmciOiJhdXRvIiwid2lkdGhUZXhlbHMiOiJhdXRvIiwiaGVpZ2h0VGV4ZWxzIjoiYXV0byIsIm1hc3MiOiJhdXRvIiwic2hhcGUiOiJhdXRvIn0sInBhZ2UiOnsid2F2ZSI6ImF1dG8iLCJjb2xvciI6ImF1dG8iLCJzaWRlIjoiYXV0byIsInN0cmV0Y2hJbWFnZXMiOiJhdXRvIiwiZGVwdGgiOiJhdXRvIiwic3RhcnRWZWxvY2l0eSI6ImF1dG8iLCJmbGV4aWJpbGl0eSI6ImF1dG8iLCJmbGV4aWJsZUNvcm5lciI6ImF1dG8iLCJiZW5kaW5nIjoiYXV0byIsIndpZHRoVGV4ZWxzIjoiYXV0byIsImhlaWdodFRleGVscyI6ImF1dG8iLCJtYXNzIjoiYXV0byIsInNoYXBlIjoiYXV0byJ9LCJoZWlnaHQiOiJhdXRvIiwid2lkdGgiOiJhdXRvIiwiZ3Jhdml0eSI6ImF1dG8iLCJwYWdlc0ZvclByZWRpY3RpbmciOiJhdXRvIn0sImNvbnRyb2xQcm9wcyI6eyJhY3Rpb25zIjp7ImNtZFRvYyI6eyJlbmFibGVkIjoiYXV0byIsImVuYWJsZWRJbk5hcnJvdyI6ImF1dG8iLCJhY3RpdmUiOiJhdXRvIiwiZGVmYXVsdFRhYiI6ImF1dG8ifSwiY21kQXV0b1BsYXkiOnsiZW5hYmxlZCI6ImF1dG8iLCJlbmFibGVkSW5OYXJyb3ciOiJhdXRvIiwiYWN0aXZlIjoiYXV0byJ9LCJjbWRTYXZlIjp7ImVuYWJsZWQiOiJhdXRvIiwiZW5hYmxlZEluTmFycm93IjoiYXV0byJ9LCJjbWRQcmludCI6eyJlbmFibGVkIjoiYXV0byIsImVuYWJsZWRJbk5hcnJvdyI6ImF1dG8ifSwiY21kU2luZ2xlUGFnZSI6eyJlbmFibGVkIjoiYXV0byIsImVuYWJsZWRJbk5hcnJvdyI6ImF1dG8iLCJhY3RpdmUiOiJhdXRvIiwiYWN0aXZlRm9yTW9iaWxlIjoiYXV0byJ9LCJ3aWRUb29sYmFyIjp7ImVuYWJsZWQiOiJhdXRvIiwiZW5hYmxlZEluTmFycm93IjoiYXV0byJ9fX0sImF1dG9UaHVtYm5haWwiOiJodHRwczpcL1wvYmxvZy5oYXJ6LWhpc3RvcnkuZGVcL3dwLWNvbnRlbnRcL3VwbG9hZHNcLzNkLWZsaXAtYm9va1wvYXV0by10aHVtYm5haWxzXC8yNzkucG5nIiwicG9zdF9uYW1lIjoidWtzXzAwNF9mZWJydWFyMTk4NyIsInBvc3RfdHlwZSI6IjNkLWZsaXAtYm9vayJ9fSwicGFnZXMiOltdLCJmaXJzdFBhZ2VzIjpbXX0=');window.FB3D_CLIENT_LOCALE && FB3D_CLIENT_LOCALE.render && FB3D_CLIENT_LOCALE.render();<\/script>\n\n\n\n<p id=\"004\"><strong>Ausgabe 004 Februar 1987<\/strong><\/p>\n\n\n\n<p>Titelbild: Altes Kurhaus Bad Harzburg (Archiv Paech)<br>HAGV: 85 Jahre im Dienst der Heimatforschung (Maria Ehlers)<br>Das ehemalige Kloster W\u00f6ltingerode (Hans Schmidt)<br>Hessen in Braunschweig \u2013 Geschichte eines Dorfes im n\u00f6rdlichen Harzvorland (Dietrich Eltenbach)<br>Bilder HAGV-Adventsfeier 1986<br>Bilder Gespr\u00e4chsrunde im Eckert-Institut Braunschweig<br>Hahnenklee und Paul Lincke (Jutta Keilhack)<\/p>\n\n\n<div class=\"_3d-flip-book  fb3d-fullscreen-mode full-size\" data-id=\"772\" data-mode=\"fullscreen\" data-title=\"false\" data-template=\"short-white-book-view\" data-lightbox=\"dark-shadow\" data-urlparam=\"fb3d-page\" data-page-n=\"0\" data-pdf=\"\" data-tax=\"null\" data-thumbnail=\"\" data-cols=\"3\" data-book-template=\"default\" data-trigger=\"\"><\/div><script type=\"text\/javascript\">window.FB3D_CLIENT_DATA = window.FB3D_CLIENT_DATA || [];FB3D_CLIENT_DATA.push('eyJwb3N0cyI6eyI3NzIiOnsiSUQiOjc3MiwidGl0bGUiOiJVS1MgMDA1IE1haSAxOTg3IiwidHlwZSI6InBkZiIsInJlYWR5X2Z1bmN0aW9uIjoiIiwiYm9va19zdHlsZSI6ImZsYXQiLCJib29rX3RlbXBsYXRlIjoibm9uZSIsIm91dGxpbmUiOltdLCJkYXRhIjp7InBvc3RfSUQiOiI3NzMiLCJndWlkIjoiaHR0cHM6XC9cL2QzbmE3azhjdmlmZDR0LmNsb3VkZnJvbnQubmV0XC93cC1jb250ZW50XC91cGxvYWRzXC8yMDI0XC8xMVwvMDUwNjM0MDNcL1VLU18wMDVfTWFpMTk4Ny1PQ1IucGRmIiwicGRmX3BhZ2VzIjoiMjgiLCJwYWdlc19jdXN0b21pemF0aW9uIjoibm9uZSJ9LCJ0aHVtYm5haWwiOnsiZGF0YSI6eyJwb3N0X0lEIjoiMCJ9LCJ0eXBlIjoiYXV0byJ9LCJwcm9wcyI6eyJiYWNrZ3JvdW5kQ29sb3IiOiJhdXRvIiwiYmFja2dyb3VuZEltYWdlIjoiYXV0byIsImJhY2tncm91bmRTdHlsZSI6ImF1dG8iLCJoaWdobGlnaHRMaW5rcyI6ImF1dG8iLCJsaWdodGluZyI6ImF1dG8iLCJzaW5nbGVQYWdlTW9kZSI6ImF1dG8iLCJjYWNoZWRQYWdlcyI6ImF1dG8iLCJyZW5kZXJJbmFjdGl2ZVBhZ2VzIjoiYXV0byIsInJlbmRlckluYWN0aXZlUGFnZXNPbk1vYmlsZSI6ImF1dG8iLCJyZW5kZXJXaGlsZUZsaXBwaW5nIjoiYXV0byIsInByZWxvYWRQYWdlcyI6ImF1dG8iLCJhdXRvUGxheUR1cmF0aW9uIjoiYXV0byIsInJ0bCI6ImF1dG8iLCJpbnRlcmFjdGl2ZUNvcm5lcnMiOiJhdXRvIiwibWF4RGVwdGgiOiJhdXRvIiwic2hlZXQiOnsic3RhcnRWZWxvY2l0eSI6ImF1dG8iLCJ3YXZlIjoiYXV0byIsInNoYXBlIjoiYXV0byIsIndpZHRoVGV4ZWxzIjoiYXV0byIsImNvbG9yIjoiYXV0byIsInNpZGUiOiJhdXRvIiwic3RyZXRjaEltYWdlcyI6ImF1dG8iLCJjb3JuZXJEZXZpYXRpb24iOiJhdXRvIiwiZmxleGliaWxpdHkiOiJhdXRvIiwiZmxleGlibGVDb3JuZXIiOiJhdXRvIiwiYmVuZGluZyI6ImF1dG8iLCJoZWlnaHRUZXhlbHMiOiJhdXRvIn0sImNvdmVyIjp7IndhdmUiOiJhdXRvIiwiY29sb3IiOiJhdXRvIiwic2lkZSI6ImF1dG8iLCJzdHJldGNoSW1hZ2VzIjoiYXV0byIsImJpbmRlclRleHR1cmUiOiJhdXRvIiwiZGVwdGgiOiJhdXRvIiwicGFkZGluZyI6ImF1dG8iLCJzdGFydFZlbG9jaXR5IjoiYXV0byIsImZsZXhpYmlsaXR5IjoiYXV0byIsImZsZXhpYmxlQ29ybmVyIjoiYXV0byIsImJlbmRpbmciOiJhdXRvIiwid2lkdGhUZXhlbHMiOiJhdXRvIiwiaGVpZ2h0VGV4ZWxzIjoiYXV0byIsIm1hc3MiOiJhdXRvIiwic2hhcGUiOiJhdXRvIn0sInBhZ2UiOnsid2F2ZSI6ImF1dG8iLCJjb2xvciI6ImF1dG8iLCJzaWRlIjoiYXV0byIsInN0cmV0Y2hJbWFnZXMiOiJhdXRvIiwiZGVwdGgiOiJhdXRvIiwic3RhcnRWZWxvY2l0eSI6ImF1dG8iLCJmbGV4aWJpbGl0eSI6ImF1dG8iLCJmbGV4aWJsZUNvcm5lciI6ImF1dG8iLCJiZW5kaW5nIjoiYXV0byIsIndpZHRoVGV4ZWxzIjoiYXV0byIsImhlaWdodFRleGVscyI6ImF1dG8iLCJtYXNzIjoiYXV0byIsInNoYXBlIjoiYXV0byJ9LCJoZWlnaHQiOiJhdXRvIiwid2lkdGgiOiJhdXRvIiwiZ3Jhdml0eSI6ImF1dG8iLCJwYWdlc0ZvclByZWRpY3RpbmciOiJhdXRvIn0sImNvbnRyb2xQcm9wcyI6eyJhY3Rpb25zIjp7ImNtZFRvYyI6eyJlbmFibGVkIjoiYXV0byIsImVuYWJsZWRJbk5hcnJvdyI6ImF1dG8iLCJhY3RpdmUiOiJhdXRvIiwiZGVmYXVsdFRhYiI6ImF1dG8ifSwiY21kQXV0b1BsYXkiOnsiZW5hYmxlZCI6ImF1dG8iLCJlbmFibGVkSW5OYXJyb3ciOiJhdXRvIiwiYWN0aXZlIjoiYXV0byJ9LCJjbWRTYXZlIjp7ImVuYWJsZWQiOiJhdXRvIiwiZW5hYmxlZEluTmFycm93IjoiYXV0byJ9LCJjbWRQcmludCI6eyJlbmFibGVkIjoiYXV0byIsImVuYWJsZWRJbk5hcnJvdyI6ImF1dG8ifSwiY21kU2luZ2xlUGFnZSI6eyJlbmFibGVkIjoiYXV0byIsImVuYWJsZWRJbk5hcnJvdyI6ImF1dG8iLCJhY3RpdmUiOiJhdXRvIiwiYWN0aXZlRm9yTW9iaWxlIjoiYXV0byJ9LCJ3aWRUb29sYmFyIjp7ImVuYWJsZWQiOiJhdXRvIiwiZW5hYmxlZEluTmFycm93IjoiYXV0byJ9fX0sImF1dG9UaHVtYm5haWwiOiJodHRwczpcL1wvYmxvZy5oYXJ6LWhpc3RvcnkuZGVcL3dwLWNvbnRlbnRcL3VwbG9hZHNcLzNkLWZsaXAtYm9va1wvYXV0by10aHVtYm5haWxzXC83NzIucG5nIiwicG9zdF9uYW1lIjoidWtzLTAwNS1tYWktMTk4NyIsInBvc3RfdHlwZSI6IjNkLWZsaXAtYm9vayJ9fSwicGFnZXMiOltdLCJmaXJzdFBhZ2VzIjpbXX0=');window.FB3D_CLIENT_LOCALE && FB3D_CLIENT_LOCALE.render && FB3D_CLIENT_LOCALE.render();<\/script>\n\n\n\n<p id=\"005\"><strong>Ausgabe 005 Mai 1987<\/strong><\/p>\n\n\n\n<p>Titelbild: Brockendenkmal<br>Salzfest und Salzpredigt in Bad Harzburg (Hans Burose)<br>Die Harzb\u00fccherei (Karl-Wolfgang Sanders)<br>Der Plan eines gigantischen \u201eBrockendenkmals\u201c: Das Alterswerk des Ilsenburger Bildhauers Walter Schott (Hans Schmidt)<br>Das Salzgittergesetz und die \u201dunerl\u00f6sten Gebiete\u201d Niedersachsens (Dietrich Eltenbach)<br>Harzburger Geschichtsverein: Mitgliederzahl \u00fcber der 200er-Grenze (Jutta Keilhack)<br>J\u00fcrgen Dieckmann neuer 2. Vorsitzender im HAGV<\/p>\n\n\n<div class=\"_3d-flip-book  fb3d-fullscreen-mode full-size\" data-id=\"287\" data-mode=\"fullscreen\" data-title=\"false\" data-template=\"short-white-book-view\" data-lightbox=\"dark-shadow\" data-urlparam=\"fb3d-page\" data-page-n=\"0\" data-pdf=\"\" data-tax=\"null\" data-thumbnail=\"\" data-cols=\"3\" data-book-template=\"default\" data-trigger=\"\"><\/div><script type=\"text\/javascript\">window.FB3D_CLIENT_DATA = window.FB3D_CLIENT_DATA || [];FB3D_CLIENT_DATA.push('eyJwb3N0cyI6eyIyODciOnsiSUQiOjI4NywidGl0bGUiOiJVS1NfMDA2X0F1Z3VzdDE5ODciLCJ0eXBlIjoicGRmIiwicmVhZHlfZnVuY3Rpb24iOiIiLCJib29rX3N0eWxlIjoiZmxhdCIsImJvb2tfdGVtcGxhdGUiOiJub25lIiwib3V0bGluZSI6W10sImRhdGEiOnsicG9zdF9JRCI6IjE3NSIsImd1aWQiOiJodHRwczpcL1wvZDNuYTdrOGN2aWZkNHQuY2xvdWRmcm9udC5uZXRcL3dwLWNvbnRlbnRcL3VwbG9hZHNcLzIwMjRcLzEwXC8wNDEzNDMxNVwvVUtTXzAwNl9BdWcxOTg3LU9DUi5wZGYiLCJwZGZfcGFnZXMiOiIyNCIsInBhZ2VzX2N1c3RvbWl6YXRpb24iOiJub25lIn0sInRodW1ibmFpbCI6eyJkYXRhIjp7InBvc3RfSUQiOiIwIn0sInR5cGUiOiJhdXRvIn0sInByb3BzIjp7ImJhY2tncm91bmRDb2xvciI6ImF1dG8iLCJiYWNrZ3JvdW5kSW1hZ2UiOiJhdXRvIiwiYmFja2dyb3VuZFN0eWxlIjoiYXV0byIsImhpZ2hsaWdodExpbmtzIjoiYXV0byIsImxpZ2h0aW5nIjoiYXV0byIsInNpbmdsZVBhZ2VNb2RlIjoiYXV0byIsImNhY2hlZFBhZ2VzIjoiYXV0byIsInJlbmRlckluYWN0aXZlUGFnZXMiOiJhdXRvIiwicmVuZGVySW5hY3RpdmVQYWdlc09uTW9iaWxlIjoiYXV0byIsInJlbmRlcldoaWxlRmxpcHBpbmciOiJhdXRvIiwicHJlbG9hZFBhZ2VzIjoiYXV0byIsImF1dG9QbGF5RHVyYXRpb24iOiJhdXRvIiwicnRsIjoiYXV0byIsImludGVyYWN0aXZlQ29ybmVycyI6ImF1dG8iLCJtYXhEZXB0aCI6ImF1dG8iLCJzaGVldCI6eyJzdGFydFZlbG9jaXR5IjoiYXV0byIsIndhdmUiOiJhdXRvIiwic2hhcGUiOiJhdXRvIiwid2lkdGhUZXhlbHMiOiJhdXRvIiwiY29sb3IiOiJhdXRvIiwic2lkZSI6ImF1dG8iLCJzdHJldGNoSW1hZ2VzIjoiYXV0byIsImNvcm5lckRldmlhdGlvbiI6ImF1dG8iLCJmbGV4aWJpbGl0eSI6ImF1dG8iLCJmbGV4aWJsZUNvcm5lciI6ImF1dG8iLCJiZW5kaW5nIjoiYXV0byIsImhlaWdodFRleGVscyI6ImF1dG8ifSwiY292ZXIiOnsid2F2ZSI6ImF1dG8iLCJjb2xvciI6ImF1dG8iLCJzaWRlIjoiYXV0byIsInN0cmV0Y2hJbWFnZXMiOiJhdXRvIiwiYmluZGVyVGV4dHVyZSI6ImF1dG8iLCJkZXB0aCI6ImF1dG8iLCJwYWRkaW5nIjoiYXV0byIsInN0YXJ0VmVsb2NpdHkiOiJhdXRvIiwiZmxleGliaWxpdHkiOiJhdXRvIiwiZmxleGlibGVDb3JuZXIiOiJhdXRvIiwiYmVuZGluZyI6ImF1dG8iLCJ3aWR0aFRleGVscyI6ImF1dG8iLCJoZWlnaHRUZXhlbHMiOiJhdXRvIiwibWFzcyI6ImF1dG8iLCJzaGFwZSI6ImF1dG8ifSwicGFnZSI6eyJ3YXZlIjoiYXV0byIsImNvbG9yIjoiYXV0byIsInNpZGUiOiJhdXRvIiwic3RyZXRjaEltYWdlcyI6ImF1dG8iLCJkZXB0aCI6ImF1dG8iLCJzdGFydFZlbG9jaXR5IjoiYXV0byIsImZsZXhpYmlsaXR5IjoiYXV0byIsImZsZXhpYmxlQ29ybmVyIjoiYXV0byIsImJlbmRpbmciOiJhdXRvIiwid2lkdGhUZXhlbHMiOiJhdXRvIiwiaGVpZ2h0VGV4ZWxzIjoiYXV0byIsIm1hc3MiOiJhdXRvIiwic2hhcGUiOiJhdXRvIn0sImhlaWdodCI6ImF1dG8iLCJ3aWR0aCI6ImF1dG8iLCJncmF2aXR5IjoiYXV0byIsInBhZ2VzRm9yUHJlZGljdGluZyI6ImF1dG8ifSwiY29udHJvbFByb3BzIjp7ImFjdGlvbnMiOnsiY21kVG9jIjp7ImVuYWJsZWQiOiJhdXRvIiwiZW5hYmxlZEluTmFycm93IjoiYXV0byIsImFjdGl2ZSI6ImF1dG8iLCJkZWZhdWx0VGFiIjoiYXV0byJ9LCJjbWRBdXRvUGxheSI6eyJlbmFibGVkIjoiYXV0byIsImVuYWJsZWRJbk5hcnJvdyI6ImF1dG8iLCJhY3RpdmUiOiJhdXRvIn0sImNtZFNhdmUiOnsiZW5hYmxlZCI6ImF1dG8iLCJlbmFibGVkSW5OYXJyb3ciOiJhdXRvIn0sImNtZFByaW50Ijp7ImVuYWJsZWQiOiJhdXRvIiwiZW5hYmxlZEluTmFycm93IjoiYXV0byJ9LCJjbWRTaW5nbGVQYWdlIjp7ImVuYWJsZWQiOiJhdXRvIiwiZW5hYmxlZEluTmFycm93IjoiYXV0byIsImFjdGl2ZSI6ImF1dG8iLCJhY3RpdmVGb3JNb2JpbGUiOiJhdXRvIn0sIndpZFRvb2xiYXIiOnsiZW5hYmxlZCI6ImF1dG8iLCJlbmFibGVkSW5OYXJyb3ciOiJhdXRvIn19fSwiYXV0b1RodW1ibmFpbCI6Imh0dHBzOlwvXC9ibG9nLmhhcnotaGlzdG9yeS5kZVwvd3AtY29udGVudFwvdXBsb2Fkc1wvM2QtZmxpcC1ib29rXC9hdXRvLXRodW1ibmFpbHNcLzI4Ny5wbmciLCJwb3N0X25hbWUiOiJ1a3NfMDA2X2F1Z3VzdDE5ODciLCJwb3N0X3R5cGUiOiIzZC1mbGlwLWJvb2sifX0sInBhZ2VzIjpbXSwiZmlyc3RQYWdlcyI6W119');window.FB3D_CLIENT_LOCALE && FB3D_CLIENT_LOCALE.render && FB3D_CLIENT_LOCALE.render();<\/script>\n\n\n\n<p id=\"006\"><strong>Ausgabe 006 August 1987<\/strong><\/p>\n\n\n\n<p>Die K\u00e4ste (Hans Schmidt)<br>Lehrerpr\u00fcfung im Jahre 1729 (Auszug \u201eGeschichte des deutschen Volksschullehrerstandes\u201c)<br>Konsul H.H. Meier, der F\u00f6rderer des Kurortes Harzburg (Hans Schmidt)<br>Der Zug des \u201cschwarzen Herzogs\u201d (Dietrich Eltenbach)<br>Reisebericht Albanien (Lore Walter)<\/p>\n\n\n<div class=\"_3d-flip-book  fb3d-fullscreen-mode full-size\" data-id=\"775\" data-mode=\"fullscreen\" data-title=\"false\" data-template=\"short-white-book-view\" data-lightbox=\"dark-shadow\" data-urlparam=\"fb3d-page\" data-page-n=\"0\" data-pdf=\"\" data-tax=\"null\" data-thumbnail=\"\" data-cols=\"3\" data-book-template=\"default\" data-trigger=\"\"><\/div><script type=\"text\/javascript\">window.FB3D_CLIENT_DATA = window.FB3D_CLIENT_DATA || [];FB3D_CLIENT_DATA.push('eyJwb3N0cyI6eyI3NzUiOnsiSUQiOjc3NSwidGl0bGUiOiJVS1MgMDA3IE5vdmVtYmVyIDE5ODciLCJ0eXBlIjoicGRmIiwicmVhZHlfZnVuY3Rpb24iOiIiLCJib29rX3N0eWxlIjoiZmxhdCIsImJvb2tfdGVtcGxhdGUiOiJub25lIiwib3V0bGluZSI6W10sImRhdGEiOnsicG9zdF9JRCI6Ijc3NCIsImd1aWQiOiJodHRwczpcL1wvZDNuYTdrOGN2aWZkNHQuY2xvdWRmcm9udC5uZXRcL3dwLWNvbnRlbnRcL3VwbG9hZHNcLzIwMjRcLzExXC8wNTA2MzQwN1wvVUtTXzAwN19Ob3YxOTg3LU9DUi5wZGYiLCJwZGZfcGFnZXMiOiIzMiIsInBhZ2VzX2N1c3RvbWl6YXRpb24iOiJub25lIn0sInRodW1ibmFpbCI6eyJkYXRhIjp7InBvc3RfSUQiOiIwIn0sInR5cGUiOiJhdXRvIn0sInByb3BzIjp7ImJhY2tncm91bmRDb2xvciI6ImF1dG8iLCJiYWNrZ3JvdW5kSW1hZ2UiOiJhdXRvIiwiYmFja2dyb3VuZFN0eWxlIjoiYXV0byIsImhpZ2hsaWdodExpbmtzIjoiYXV0byIsImxpZ2h0aW5nIjoiYXV0byIsInNpbmdsZVBhZ2VNb2RlIjoiYXV0byIsImNhY2hlZFBhZ2VzIjoiYXV0byIsInJlbmRlckluYWN0aXZlUGFnZXMiOiJhdXRvIiwicmVuZGVySW5hY3RpdmVQYWdlc09uTW9iaWxlIjoiYXV0byIsInJlbmRlcldoaWxlRmxpcHBpbmciOiJhdXRvIiwicHJlbG9hZFBhZ2VzIjoiYXV0byIsImF1dG9QbGF5RHVyYXRpb24iOiJhdXRvIiwicnRsIjoiYXV0byIsImludGVyYWN0aXZlQ29ybmVycyI6ImF1dG8iLCJtYXhEZXB0aCI6ImF1dG8iLCJzaGVldCI6eyJzdGFydFZlbG9jaXR5IjoiYXV0byIsIndhdmUiOiJhdXRvIiwic2hhcGUiOiJhdXRvIiwid2lkdGhUZXhlbHMiOiJhdXRvIiwiY29sb3IiOiJhdXRvIiwic2lkZSI6ImF1dG8iLCJzdHJldGNoSW1hZ2VzIjoiYXV0byIsImNvcm5lckRldmlhdGlvbiI6ImF1dG8iLCJmbGV4aWJpbGl0eSI6ImF1dG8iLCJmbGV4aWJsZUNvcm5lciI6ImF1dG8iLCJiZW5kaW5nIjoiYXV0byIsImhlaWdodFRleGVscyI6ImF1dG8ifSwiY292ZXIiOnsid2F2ZSI6ImF1dG8iLCJjb2xvciI6ImF1dG8iLCJzaWRlIjoiYXV0byIsInN0cmV0Y2hJbWFnZXMiOiJhdXRvIiwiYmluZGVyVGV4dHVyZSI6ImF1dG8iLCJkZXB0aCI6ImF1dG8iLCJwYWRkaW5nIjoiYXV0byIsInN0YXJ0VmVsb2NpdHkiOiJhdXRvIiwiZmxleGliaWxpdHkiOiJhdXRvIiwiZmxleGlibGVDb3JuZXIiOiJhdXRvIiwiYmVuZGluZyI6ImF1dG8iLCJ3aWR0aFRleGVscyI6ImF1dG8iLCJoZWlnaHRUZXhlbHMiOiJhdXRvIiwibWFzcyI6ImF1dG8iLCJzaGFwZSI6ImF1dG8ifSwicGFnZSI6eyJ3YXZlIjoiYXV0byIsImNvbG9yIjoiYXV0byIsInNpZGUiOiJhdXRvIiwic3RyZXRjaEltYWdlcyI6ImF1dG8iLCJkZXB0aCI6ImF1dG8iLCJzdGFydFZlbG9jaXR5IjoiYXV0byIsImZsZXhpYmlsaXR5IjoiYXV0byIsImZsZXhpYmxlQ29ybmVyIjoiYXV0byIsImJlbmRpbmciOiJhdXRvIiwid2lkdGhUZXhlbHMiOiJhdXRvIiwiaGVpZ2h0VGV4ZWxzIjoiYXV0byIsIm1hc3MiOiJhdXRvIiwic2hhcGUiOiJhdXRvIn0sImhlaWdodCI6ImF1dG8iLCJ3aWR0aCI6ImF1dG8iLCJncmF2aXR5IjoiYXV0byIsInBhZ2VzRm9yUHJlZGljdGluZyI6ImF1dG8ifSwiY29udHJvbFByb3BzIjp7ImFjdGlvbnMiOnsiY21kVG9jIjp7ImVuYWJsZWQiOiJhdXRvIiwiZW5hYmxlZEluTmFycm93IjoiYXV0byIsImFjdGl2ZSI6ImF1dG8iLCJkZWZhdWx0VGFiIjoiYXV0byJ9LCJjbWRBdXRvUGxheSI6eyJlbmFibGVkIjoiYXV0byIsImVuYWJsZWRJbk5hcnJvdyI6ImF1dG8iLCJhY3RpdmUiOiJhdXRvIn0sImNtZFNhdmUiOnsiZW5hYmxlZCI6ImF1dG8iLCJlbmFibGVkSW5OYXJyb3ciOiJhdXRvIn0sImNtZFByaW50Ijp7ImVuYWJsZWQiOiJhdXRvIiwiZW5hYmxlZEluTmFycm93IjoiYXV0byJ9LCJjbWRTaW5nbGVQYWdlIjp7ImVuYWJsZWQiOiJhdXRvIiwiZW5hYmxlZEluTmFycm93IjoiYXV0byIsImFjdGl2ZSI6ImF1dG8iLCJhY3RpdmVGb3JNb2JpbGUiOiJhdXRvIn0sIndpZFRvb2xiYXIiOnsiZW5hYmxlZCI6ImF1dG8iLCJlbmFibGVkSW5OYXJyb3ciOiJhdXRvIn19fSwiYXV0b1RodW1ibmFpbCI6Imh0dHBzOlwvXC9ibG9nLmhhcnotaGlzdG9yeS5kZVwvd3AtY29udGVudFwvdXBsb2Fkc1wvM2QtZmxpcC1ib29rXC9hdXRvLXRodW1ibmFpbHNcLzc3NS5wbmciLCJwb3N0X25hbWUiOiJ1a3MtMDA3LW5vdmVtYmVyLTE5ODciLCJwb3N0X3R5cGUiOiIzZC1mbGlwLWJvb2sifX0sInBhZ2VzIjpbXSwiZmlyc3RQYWdlcyI6W119');window.FB3D_CLIENT_LOCALE && FB3D_CLIENT_LOCALE.render && FB3D_CLIENT_LOCALE.render();<\/script>\n\n\n\n<p id=\"007\"><strong>Ausgabe 007 November 1987<\/strong><\/p>\n\n\n\n<p>Titelbild: Zeichnung der Harzburg<br>Die Erbauung der Harzburg nach Bruno, Das Buch vom s\u00e4chsischen Krieg | 1082 (Hans Schmidt)<br>80. Geburtstag von Maria Ehlers (Jutta Keilhack)<br>Der Einsatz von Ruteng\u00e4ngern im Oberharzer Bergbau (Hans Burose)<br>Blick \u00fcber die Grenze in die benachbarten Landkreise Halberstadt u. Wernigerode: Osterwieck, Hessen am Fallstein, Harzquerbahn, Bismarckturm Fallstein<br>Reisebericht: Polenfahrt 1987 (Lore Walter)<br>Aus dem HAGV-Archiv: Was befand sich im Turmknauf der alten Neust\u00e4dter Kirche? (Maria Ehlers)<br>Beschreibung der Stadt Bad Harzburg in einem Reisef\u00fchrer des Jahres 1913 (Harz-Reisef\u00fchrer, Carl Vieth)<br>Reisebericht Marienburg bei Nordstemmen (Jutta Keilhack)<br>Beschreibung des Dorfes Harlingerode im Jahre 1863 (A. Lambrecht \u201eDas Herzogthum Braunschweig\u201c)<\/p>\n","protected":false},"excerpt":{"rendered":"<p>Ausgabe 004 Februar 1987 Titelbild: Altes Kurhaus Bad Harzburg (Archiv Paech)HAGV: 85 Jahre im Dienst der Heimatforschung (Maria Ehlers)Das ehemalige Kloster W\u00f6ltingerode (Hans Schmidt)Hessen in Braunschweig \u2013 Geschichte eines Dorfes im n\u00f6rdlichen Harzvorland (Dietrich Eltenbach)Bilder HAGV-Adventsfeier 1986Bilder Gespr\u00e4chsrunde im Eckert-Institut<\/p>\n","protected":false},"author":2,"featured_media":0,"parent":282,"menu_order":0,"comment_status":"closed","ping_status":"closed","template":"","meta":{"footnotes":""},"class_list":["post-277","page","type-page","status-publish","hentry"],"jetpack_sharing_enabled":true,"_links":{"self":[{"href":"https:\/\/blog.harz-history.de\/index.php?rest_route=\/wp\/v2\/pages\/277","targetHints":{"allow":["GET"]}}],"collection":[{"href":"https:\/\/blog.harz-history.de\/index.php?rest_route=\/wp\/v2\/pages"}],"about":[{"href":"https:\/\/blog.harz-history.de\/index.php?rest_route=\/wp\/v2\/types\/page"}],"author":[{"embeddable":true,"href":"https:\/\/blog.harz-history.de\/index.php?rest_route=\/wp\/v2\/users\/2"}],"replies":[{"embeddable":true,"href":"https:\/\/blog.harz-history.de\/index.php?rest_route=%2Fwp%2Fv2%2Fcomments&post=277"}],"version-history":[{"count":15,"href":"https:\/\/blog.harz-history.de\/index.php?rest_route=\/wp\/v2\/pages\/277\/revisions"}],"predecessor-version":[{"id":1113,"href":"https:\/\/blog.harz-history.de\/index.php?rest_route=\/wp\/v2\/pages\/277\/revisions\/1113"}],"up":[{"embeddable":true,"href":"https:\/\/blog.harz-history.de\/index.php?rest_route=\/wp\/v2\/pages\/282"}],"wp:attachment":[{"href":"https:\/\/blog.harz-history.de\/index.php?rest_route=%2Fwp%2Fv2%2Fmedia&parent=277"}],"curies":[{"name":"wp","href":"https:\/\/api.w.org\/{rel}","templated":true}]}}