{"id":27,"date":"2024-03-11T14:35:05","date_gmt":"2024-03-11T14:35:05","guid":{"rendered":"https:\/\/blog.harz-history.de\/?page_id=27"},"modified":"2025-12-21T06:54:34","modified_gmt":"2025-12-21T06:54:34","slug":"startseite","status":"publish","type":"page","link":"https:\/\/blog.harz-history.de\/","title":{"rendered":"Der Uhlenklippenspiegel"},"content":{"rendered":"\n<p>Der Uhlenklippenspiegel (UKS) des Harzburger Geschichtsvereins ist ein unglaublicher Schatz f\u00fcr alle, die sich f\u00fcr die Historie ihrer Harzer und speziell ihrer Bad Harzburger Heimat interessieren. Und es ist ein Schatz, der gerade im Online-Archiv (fast) aller Ausgaben seit dem Start 1986 viele funkelnde Facetten aufweist.<\/p>\n\n\n\n<p>Die Vereinsinformationen<\/p>\n\n\n<div class=\"wp-block-image\">\n<figure class=\"alignright size-medium\"><img loading=\"lazy\" decoding=\"async\" width=\"300\" height=\"225\" src=\"https:\/\/d3na7k8cvifd4t.cloudfront.net\/wp-content\/uploads\/2024\/11\/08062509\/uhlenklippen_online-300x225.jpg\" alt=\"\" class=\"wp-image-1034\" srcset=\"https:\/\/d3na7k8cvifd4t.cloudfront.net\/wp-content\/uploads\/2024\/11\/08062509\/uhlenklippen_online-300x225.jpg 300w, https:\/\/d3na7k8cvifd4t.cloudfront.net\/wp-content\/uploads\/2024\/11\/08062509\/uhlenklippen_online-1024x769.jpg 1024w, https:\/\/d3na7k8cvifd4t.cloudfront.net\/wp-content\/uploads\/2024\/11\/08062509\/uhlenklippen_online-768x577.jpg 768w, https:\/\/d3na7k8cvifd4t.cloudfront.net\/wp-content\/uploads\/2024\/11\/08062509\/uhlenklippen_online-1536x1153.jpg 1536w, https:\/\/d3na7k8cvifd4t.cloudfront.net\/wp-content\/uploads\/2024\/11\/08062509\/uhlenklippen_online-2048x1538.jpg 2048w\" sizes=\"auto, (max-width: 300px) 100vw, 300px\" \/><\/figure>\n<\/div>\n\n\n<p>Urspr\u00fcnglich als aktuelles Informationsheft f\u00fcr die Mitglieder des damals noch als Harzburger Altertums- und Geschichtsverein (HAGV) firmierenden Vereins gedacht, spiegelt der UKS als Archiv auch den Zeitgeist wider. Ablesbar unter anderem an den vielf\u00e4ltigen Vortrags- und Reise-Angeboten. Zudem finden sich Portr\u00e4ts von verdienten Vereinsmitgliedern \u201ein Freud und Leid\u201c (Geburtstage, Todesf\u00e4lle). Es sind Begegnungen mit Menschen, die sich als Heimathistoriker verdient gemacht haben und deren Arbeiten zu lesen weiterhin unbedingt lohnenswert ist.<\/p>\n\n\n\n<p>Stadtgeschichte und mehr<\/p>\n\n\n\n<p>Ein besonderer Schwerpunkt in der Arbeit des Harzburger Geschichtsvereins lag und liegt in der Erforschung und Dokumentation der Bad Harzburger Stadtgeschichte. Aber die Autoren des HGV stoppten ihren forschenden Blick nicht am Tellerrand der Kurstadt. Auch die Historie der Harz-Region und gro\u00dfe Themen der deutschen und der Welt-Geschichte werden in den viertelj\u00e4hrlich erscheinenden Heften beleuchtet.<\/p>\n\n\n\n<p>Wirtschafts-Entwicklung<\/p>\n\n\n<div class=\"wp-block-image\">\n<figure class=\"alignleft size-medium\"><img loading=\"lazy\" decoding=\"async\" width=\"300\" height=\"158\" src=\"https:\/\/d3na7k8cvifd4t.cloudfront.net\/wp-content\/uploads\/2024\/11\/08062546\/Presse-Ausgabe-Scan-300x158.png\" alt=\"\" class=\"wp-image-1036\" srcset=\"https:\/\/d3na7k8cvifd4t.cloudfront.net\/wp-content\/uploads\/2024\/11\/08062546\/Presse-Ausgabe-Scan-300x158.png 300w, https:\/\/d3na7k8cvifd4t.cloudfront.net\/wp-content\/uploads\/2024\/11\/08062546\/Presse-Ausgabe-Scan-1024x538.png 1024w, https:\/\/d3na7k8cvifd4t.cloudfront.net\/wp-content\/uploads\/2024\/11\/08062546\/Presse-Ausgabe-Scan-768x404.png 768w, https:\/\/d3na7k8cvifd4t.cloudfront.net\/wp-content\/uploads\/2024\/11\/08062546\/Presse-Ausgabe-Scan-1536x807.png 1536w, https:\/\/d3na7k8cvifd4t.cloudfront.net\/wp-content\/uploads\/2024\/11\/08062546\/Presse-Ausgabe-Scan-2048x1076.png 2048w\" sizes=\"auto, (max-width: 300px) 100vw, 300px\" \/><\/figure>\n<\/div>\n\n\n<p>Ein spezieller Aspekt des UKS-Archivs geht Leserinnen und Lesern vermutlich erst auf, wenn sie in mehrere Ausgaben aus verschiedenen Dekaden bl\u00e4ttern: Das der Harzburger Geschichtsverein stets fest in der Stadt verankert war, unterst\u00fctzten Handel und Handwerk den Uhlenklippenspiegel mit Anzeigen. Und das Studium dieser Anzeigen ist dann schon wieder eine Geschichte f\u00fcr sich, spiegeln die Annoncen doch auch die wirtschaftliche Entwicklung und die Ver\u00e4nderungen in der Gesch\u00e4ftswelt der Kurstadt wider.<\/p>\n\n\n\n<p>Welcher Aspekt auch immer unsere G\u00e4ste auf dieser Website besonders interessiert, der Harzburger Geschichtsverein w\u00fcnscht informative und unterhaltsame Lekt\u00fcre durch vier Jahrzehnte Uhlenklippenspiegel.<\/p>\n\n\n\n<p>Mathilde Maria Kleiber<\/p>\n\n\n\n<p>Vorsitzende HGV<\/p>\n\n\n\n<hr class=\"wp-block-separator has-alpha-channel-opacity is-style-wide\"\/>\n\n\n\n<h4 class=\"wp-block-heading\">Weitere interessante Websites zur Geschichte Bad Harzburgs:<\/h4>\n\n\n\n<p><strong><a href=\"https:\/\/harz-history.de\" target=\"_blank\" rel=\"noreferrer noopener\">Harz-History<\/a><\/strong> &#8211; Foto-Plattform verschiedener Sammlungen<\/p>\n\n\n\n<p><strong><a href=\"https:\/\/archiv-harry-plaster.de\" target=\"_blank\" rel=\"noreferrer noopener\">Archiv Harry Plaster<\/a><\/strong><\/p>\n\n\n\n<p><strong><a href=\"https:\/\/horst-woick-archiv.de\/\" target=\"_blank\" rel=\"noreferrer noopener\">Archiv Horst Woick<\/a><\/strong><\/p>\n\n\n\n<p><\/p>\n","protected":false},"excerpt":{"rendered":"<p>Der Uhlenklippenspiegel (UKS) des Harzburger Geschichtsvereins ist ein unglaublicher Schatz f\u00fcr alle, die sich f\u00fcr die Historie ihrer Harzer und speziell ihrer Bad Harzburger Heimat interessieren. Und es ist ein Schatz, der gerade im Online-Archiv (fast) aller Ausgaben seit dem<\/p>\n","protected":false},"author":2,"featured_media":0,"parent":0,"menu_order":0,"comment_status":"closed","ping_status":"closed","template":"","meta":{"footnotes":""},"class_list":["post-27","page","type-page","status-publish","hentry"],"jetpack_sharing_enabled":true,"_links":{"self":[{"href":"https:\/\/blog.harz-history.de\/index.php?rest_route=\/wp\/v2\/pages\/27","targetHints":{"allow":["GET"]}}],"collection":[{"href":"https:\/\/blog.harz-history.de\/index.php?rest_route=\/wp\/v2\/pages"}],"about":[{"href":"https:\/\/blog.harz-history.de\/index.php?rest_route=\/wp\/v2\/types\/page"}],"author":[{"embeddable":true,"href":"https:\/\/blog.harz-history.de\/index.php?rest_route=\/wp\/v2\/users\/2"}],"replies":[{"embeddable":true,"href":"https:\/\/blog.harz-history.de\/index.php?rest_route=%2Fwp%2Fv2%2Fcomments&post=27"}],"version-history":[{"count":9,"href":"https:\/\/blog.harz-history.de\/index.php?rest_route=\/wp\/v2\/pages\/27\/revisions"}],"predecessor-version":[{"id":1748,"href":"https:\/\/blog.harz-history.de\/index.php?rest_route=\/wp\/v2\/pages\/27\/revisions\/1748"}],"wp:attachment":[{"href":"https:\/\/blog.harz-history.de\/index.php?rest_route=%2Fwp%2Fv2%2Fmedia&parent=27"}],"curies":[{"name":"wp","href":"https:\/\/api.w.org\/{rel}","templated":true}]}}