{"id":1038,"date":"2024-11-08T06:39:08","date_gmt":"2024-11-08T06:39:08","guid":{"rendered":"https:\/\/blog.harz-history.de\/?page_id=1038"},"modified":"2024-11-11T10:33:06","modified_gmt":"2024-11-11T10:33:06","slug":"uks-2020","status":"publish","type":"page","link":"https:\/\/blog.harz-history.de\/?page_id=1038","title":{"rendered":"UKS 2020"},"content":{"rendered":"<div class=\"_3d-flip-book  fb3d-fullscreen-mode full-size\" data-id=\"1040\" data-mode=\"fullscreen\" data-title=\"false\" data-template=\"short-white-book-view\" data-lightbox=\"dark-shadow\" data-urlparam=\"fb3d-page\" data-page-n=\"0\" data-pdf=\"\" data-tax=\"null\" data-thumbnail=\"\" data-cols=\"3\" data-book-template=\"default\" data-trigger=\"\"><\/div><script type=\"text\/javascript\">window.FB3D_CLIENT_DATA = window.FB3D_CLIENT_DATA || [];FB3D_CLIENT_DATA.push('eyJwb3N0cyI6eyIxMDQwIjp7IklEIjoxMDQwLCJ0aXRsZSI6IlVLUyAxMjcgSmFudWFyIC0gQXByaWwgMjAyMCIsInR5cGUiOiJwZGYiLCJyZWFkeV9mdW5jdGlvbiI6IiIsImJvb2tfc3R5bGUiOiJmbGF0IiwiYm9va190ZW1wbGF0ZSI6Im5vbmUiLCJvdXRsaW5lIjpbXSwiZGF0YSI6eyJwb3N0X0lEIjoiMTA0MSIsImd1aWQiOiJodHRwczpcL1wvZDNuYTdrOGN2aWZkNHQuY2xvdWRmcm9udC5uZXRcL3dwLWNvbnRlbnRcL3VwbG9hZHNcLzIwMjRcLzExXC8wODA2Mzk1NlwvVUtTLTEyNy1KYW4tQXByMjAyMC1PQ1IucGRmIiwicGRmX3BhZ2VzIjoiODQiLCJwYWdlc19jdXN0b21pemF0aW9uIjoibm9uZSJ9LCJ0aHVtYm5haWwiOnsiZGF0YSI6eyJwb3N0X0lEIjoiMCJ9LCJ0eXBlIjoiYXV0byJ9LCJwcm9wcyI6eyJiYWNrZ3JvdW5kQ29sb3IiOiJhdXRvIiwiYmFja2dyb3VuZEltYWdlIjoiYXV0byIsImJhY2tncm91bmRTdHlsZSI6ImF1dG8iLCJoaWdobGlnaHRMaW5rcyI6ImF1dG8iLCJsaWdodGluZyI6ImF1dG8iLCJzaW5nbGVQYWdlTW9kZSI6ImF1dG8iLCJjYWNoZWRQYWdlcyI6ImF1dG8iLCJyZW5kZXJJbmFjdGl2ZVBhZ2VzIjoiYXV0byIsInJlbmRlckluYWN0aXZlUGFnZXNPbk1vYmlsZSI6ImF1dG8iLCJyZW5kZXJXaGlsZUZsaXBwaW5nIjoiYXV0byIsInByZWxvYWRQYWdlcyI6ImF1dG8iLCJhdXRvUGxheUR1cmF0aW9uIjoiYXV0byIsInJ0bCI6ImF1dG8iLCJpbnRlcmFjdGl2ZUNvcm5lcnMiOiJhdXRvIiwibWF4RGVwdGgiOiJhdXRvIiwic2hlZXQiOnsic3RhcnRWZWxvY2l0eSI6ImF1dG8iLCJ3YXZlIjoiYXV0byIsInNoYXBlIjoiYXV0byIsIndpZHRoVGV4ZWxzIjoiYXV0byIsImNvbG9yIjoiYXV0byIsInNpZGUiOiJhdXRvIiwic3RyZXRjaEltYWdlcyI6ImF1dG8iLCJjb3JuZXJEZXZpYXRpb24iOiJhdXRvIiwiZmxleGliaWxpdHkiOiJhdXRvIiwiZmxleGlibGVDb3JuZXIiOiJhdXRvIiwiYmVuZGluZyI6ImF1dG8iLCJoZWlnaHRUZXhlbHMiOiJhdXRvIn0sImNvdmVyIjp7IndhdmUiOiJhdXRvIiwiY29sb3IiOiJhdXRvIiwic2lkZSI6ImF1dG8iLCJzdHJldGNoSW1hZ2VzIjoiYXV0byIsImJpbmRlclRleHR1cmUiOiJhdXRvIiwiZGVwdGgiOiJhdXRvIiwicGFkZGluZyI6ImF1dG8iLCJzdGFydFZlbG9jaXR5IjoiYXV0byIsImZsZXhpYmlsaXR5IjoiYXV0byIsImZsZXhpYmxlQ29ybmVyIjoiYXV0byIsImJlbmRpbmciOiJhdXRvIiwid2lkdGhUZXhlbHMiOiJhdXRvIiwiaGVpZ2h0VGV4ZWxzIjoiYXV0byIsIm1hc3MiOiJhdXRvIiwic2hhcGUiOiJhdXRvIn0sInBhZ2UiOnsid2F2ZSI6ImF1dG8iLCJjb2xvciI6ImF1dG8iLCJzaWRlIjoiYXV0byIsInN0cmV0Y2hJbWFnZXMiOiJhdXRvIiwiZGVwdGgiOiJhdXRvIiwic3RhcnRWZWxvY2l0eSI6ImF1dG8iLCJmbGV4aWJpbGl0eSI6ImF1dG8iLCJmbGV4aWJsZUNvcm5lciI6ImF1dG8iLCJiZW5kaW5nIjoiYXV0byIsIndpZHRoVGV4ZWxzIjoiYXV0byIsImhlaWdodFRleGVscyI6ImF1dG8iLCJtYXNzIjoiYXV0byIsInNoYXBlIjoiYXV0byJ9LCJoZWlnaHQiOiJhdXRvIiwid2lkdGgiOiJhdXRvIiwiZ3Jhdml0eSI6ImF1dG8iLCJwYWdlc0ZvclByZWRpY3RpbmciOiJhdXRvIn0sImNvbnRyb2xQcm9wcyI6eyJhY3Rpb25zIjp7ImNtZFRvYyI6eyJlbmFibGVkIjoiYXV0byIsImVuYWJsZWRJbk5hcnJvdyI6ImF1dG8iLCJhY3RpdmUiOiJhdXRvIiwiZGVmYXVsdFRhYiI6ImF1dG8ifSwiY21kQXV0b1BsYXkiOnsiZW5hYmxlZCI6ImF1dG8iLCJlbmFibGVkSW5OYXJyb3ciOiJhdXRvIiwiYWN0aXZlIjoiYXV0byJ9LCJjbWRTYXZlIjp7ImVuYWJsZWQiOiJhdXRvIiwiZW5hYmxlZEluTmFycm93IjoiYXV0byJ9LCJjbWRQcmludCI6eyJlbmFibGVkIjoiYXV0byIsImVuYWJsZWRJbk5hcnJvdyI6ImF1dG8ifSwiY21kU2luZ2xlUGFnZSI6eyJlbmFibGVkIjoiYXV0byIsImVuYWJsZWRJbk5hcnJvdyI6ImF1dG8iLCJhY3RpdmUiOiJhdXRvIiwiYWN0aXZlRm9yTW9iaWxlIjoiYXV0byJ9LCJ3aWRUb29sYmFyIjp7ImVuYWJsZWQiOiJhdXRvIiwiZW5hYmxlZEluTmFycm93IjoiYXV0byJ9fX0sImF1dG9UaHVtYm5haWwiOiJodHRwczpcL1wvYmxvZy5oYXJ6LWhpc3RvcnkuZGVcL3dwLWNvbnRlbnRcL3VwbG9hZHNcLzNkLWZsaXAtYm9va1wvYXV0by10aHVtYm5haWxzXC8xMDQwLnBuZyIsInBvc3RfbmFtZSI6InVrcy0xMjctamFudWFyLWFwcmlsLTIwMjAiLCJwb3N0X3R5cGUiOiIzZC1mbGlwLWJvb2sifX0sInBhZ2VzIjpbXSwiZmlyc3RQYWdlcyI6W119');window.FB3D_CLIENT_LOCALE && FB3D_CLIENT_LOCALE.render && FB3D_CLIENT_LOCALE.render();<\/script>\n\n\n\n<p id=\"127\"><strong>Ausgabe 127 Januar \u2013 April 2020<\/strong><\/p>\n\n\n\n<p>Titelbild: 150 Jahre Werner-von-Siemens-Gymnasium<br>Wussten Sie schon, dass&#8230;? (Dieter Tramp)<br>150 Jahre Werner-von-Siemens-Gymnasium, Teil 1 (Hans Willgeroth)<br>Der bekannte Maler Adolph v. Menzel und Bad Harzburg (Horst Woick)<br>Kurgastdame auf dem Esel feiert 30. Geburtstag (Manfred Gruner)<br>Hackelberg und die \u201eWilde Jagd\u201c (Klaus R\u00f6ttger)<br>Der 3-Burgen-Weg (Reinhard Vierke)<br>Wie waren die Sachsen wirklich? (Hans-Hermann Wedekind)<br>Zum Einsatz ausl\u00e4ndischer Arbeitskr\u00e4fte und Kriegsgefangener beim Bau der Eckertalsperre (Dr. Friedhart Knolle)<br>Mitteilungen des F\u00f6rdervereins Historischer Burgberg<\/p>\n\n\n<div class=\"_3d-flip-book  fb3d-fullscreen-mode full-size\" data-id=\"1047\" data-mode=\"fullscreen\" data-title=\"false\" data-template=\"short-white-book-view\" data-lightbox=\"dark-shadow\" data-urlparam=\"fb3d-page\" data-page-n=\"0\" data-pdf=\"\" data-tax=\"null\" data-thumbnail=\"\" data-cols=\"3\" data-book-template=\"default\" data-trigger=\"\"><\/div><script type=\"text\/javascript\">window.FB3D_CLIENT_DATA = window.FB3D_CLIENT_DATA || [];FB3D_CLIENT_DATA.push('eyJwb3N0cyI6eyIxMDQ3Ijp7IklEIjoxMDQ3LCJ0aXRsZSI6IlVLUyAxMjggTWFpIC0gQXVndXN0IDIwMjAiLCJ0eXBlIjoicGRmIiwicmVhZHlfZnVuY3Rpb24iOiIiLCJib29rX3N0eWxlIjoiZmxhdCIsImJvb2tfdGVtcGxhdGUiOiJub25lIiwib3V0bGluZSI6W10sImRhdGEiOnsicG9zdF9JRCI6IjEwNDgiLCJndWlkIjoiaHR0cHM6XC9cL2QzbmE3azhjdmlmZDR0LmNsb3VkZnJvbnQubmV0XC93cC1jb250ZW50XC91cGxvYWRzXC8yMDI0XC8xMVwvMDgwNzA2MzhcL1VLUy0xMjgtTWFpLUF1ZzIwMjAtT0NSLnBkZiIsInBkZl9wYWdlcyI6IjY4IiwicGFnZXNfY3VzdG9taXphdGlvbiI6Im5vbmUifSwidGh1bWJuYWlsIjp7ImRhdGEiOnsicG9zdF9JRCI6IjAifSwidHlwZSI6ImF1dG8ifSwicHJvcHMiOnsiYmFja2dyb3VuZENvbG9yIjoiYXV0byIsImJhY2tncm91bmRJbWFnZSI6ImF1dG8iLCJiYWNrZ3JvdW5kU3R5bGUiOiJhdXRvIiwiaGlnaGxpZ2h0TGlua3MiOiJhdXRvIiwibGlnaHRpbmciOiJhdXRvIiwic2luZ2xlUGFnZU1vZGUiOiJhdXRvIiwiY2FjaGVkUGFnZXMiOiJhdXRvIiwicmVuZGVySW5hY3RpdmVQYWdlcyI6ImF1dG8iLCJyZW5kZXJJbmFjdGl2ZVBhZ2VzT25Nb2JpbGUiOiJhdXRvIiwicmVuZGVyV2hpbGVGbGlwcGluZyI6ImF1dG8iLCJwcmVsb2FkUGFnZXMiOiJhdXRvIiwiYXV0b1BsYXlEdXJhdGlvbiI6ImF1dG8iLCJydGwiOiJhdXRvIiwiaW50ZXJhY3RpdmVDb3JuZXJzIjoiYXV0byIsIm1heERlcHRoIjoiYXV0byIsInNoZWV0Ijp7InN0YXJ0VmVsb2NpdHkiOiJhdXRvIiwid2F2ZSI6ImF1dG8iLCJzaGFwZSI6ImF1dG8iLCJ3aWR0aFRleGVscyI6ImF1dG8iLCJjb2xvciI6ImF1dG8iLCJzaWRlIjoiYXV0byIsInN0cmV0Y2hJbWFnZXMiOiJhdXRvIiwiY29ybmVyRGV2aWF0aW9uIjoiYXV0byIsImZsZXhpYmlsaXR5IjoiYXV0byIsImZsZXhpYmxlQ29ybmVyIjoiYXV0byIsImJlbmRpbmciOiJhdXRvIiwiaGVpZ2h0VGV4ZWxzIjoiYXV0byJ9LCJjb3ZlciI6eyJ3YXZlIjoiYXV0byIsImNvbG9yIjoiYXV0byIsInNpZGUiOiJhdXRvIiwic3RyZXRjaEltYWdlcyI6ImF1dG8iLCJiaW5kZXJUZXh0dXJlIjoiYXV0byIsImRlcHRoIjoiYXV0byIsInBhZGRpbmciOiJhdXRvIiwic3RhcnRWZWxvY2l0eSI6ImF1dG8iLCJmbGV4aWJpbGl0eSI6ImF1dG8iLCJmbGV4aWJsZUNvcm5lciI6ImF1dG8iLCJiZW5kaW5nIjoiYXV0byIsIndpZHRoVGV4ZWxzIjoiYXV0byIsImhlaWdodFRleGVscyI6ImF1dG8iLCJtYXNzIjoiYXV0byIsInNoYXBlIjoiYXV0byJ9LCJwYWdlIjp7IndhdmUiOiJhdXRvIiwiY29sb3IiOiJhdXRvIiwic2lkZSI6ImF1dG8iLCJzdHJldGNoSW1hZ2VzIjoiYXV0byIsImRlcHRoIjoiYXV0byIsInN0YXJ0VmVsb2NpdHkiOiJhdXRvIiwiZmxleGliaWxpdHkiOiJhdXRvIiwiZmxleGlibGVDb3JuZXIiOiJhdXRvIiwiYmVuZGluZyI6ImF1dG8iLCJ3aWR0aFRleGVscyI6ImF1dG8iLCJoZWlnaHRUZXhlbHMiOiJhdXRvIiwibWFzcyI6ImF1dG8iLCJzaGFwZSI6ImF1dG8ifSwiaGVpZ2h0IjoiYXV0byIsIndpZHRoIjoiYXV0byIsImdyYXZpdHkiOiJhdXRvIiwicGFnZXNGb3JQcmVkaWN0aW5nIjoiYXV0byJ9LCJjb250cm9sUHJvcHMiOnsiYWN0aW9ucyI6eyJjbWRUb2MiOnsiZW5hYmxlZCI6ImF1dG8iLCJlbmFibGVkSW5OYXJyb3ciOiJhdXRvIiwiYWN0aXZlIjoiYXV0byIsImRlZmF1bHRUYWIiOiJhdXRvIn0sImNtZEF1dG9QbGF5Ijp7ImVuYWJsZWQiOiJhdXRvIiwiZW5hYmxlZEluTmFycm93IjoiYXV0byIsImFjdGl2ZSI6ImF1dG8ifSwiY21kU2F2ZSI6eyJlbmFibGVkIjoiYXV0byIsImVuYWJsZWRJbk5hcnJvdyI6ImF1dG8ifSwiY21kUHJpbnQiOnsiZW5hYmxlZCI6ImF1dG8iLCJlbmFibGVkSW5OYXJyb3ciOiJhdXRvIn0sImNtZFNpbmdsZVBhZ2UiOnsiZW5hYmxlZCI6ImF1dG8iLCJlbmFibGVkSW5OYXJyb3ciOiJhdXRvIiwiYWN0aXZlIjoiYXV0byIsImFjdGl2ZUZvck1vYmlsZSI6ImF1dG8ifSwid2lkVG9vbGJhciI6eyJlbmFibGVkIjoiYXV0byIsImVuYWJsZWRJbk5hcnJvdyI6ImF1dG8ifX19LCJhdXRvVGh1bWJuYWlsIjoiaHR0cHM6XC9cL2Jsb2cuaGFyei1oaXN0b3J5LmRlXC93cC1jb250ZW50XC91cGxvYWRzXC8zZC1mbGlwLWJvb2tcL2F1dG8tdGh1bWJuYWlsc1wvMTA0Ny5wbmciLCJwb3N0X25hbWUiOiJ1a3MtMTI4LW1haS1hdWd1c3QtMjAyMCIsInBvc3RfdHlwZSI6IjNkLWZsaXAtYm9vayJ9fSwicGFnZXMiOltdLCJmaXJzdFBhZ2VzIjpbXX0=');window.FB3D_CLIENT_LOCALE && FB3D_CLIENT_LOCALE.render && FB3D_CLIENT_LOCALE.render();<\/script>\n\n\n\n<p id=\"128\"><strong>Ausgabe 128 Mai \u2013 August 2020<\/strong><\/p>\n\n\n\n<p>Titelbild: Kaltwasser-Heilanstalt im Krodotal<br>Wussten Sie schon, dass&#8230;? (Dieter Tramp)<br>Kaltwasser-Heilanstalt im Krodotal (Harry Plaster)<br>Besetzung B\u00fcndheims durch die US-Army vor 75 Jahren (Hans-Hermann Wedekind)<br>Harzburg vor 28 Jahre (Dr. Kurt Neumann)<br>Der Bad Harzburger Besinnungsweg (Horst Woick)<br>Die Waterloo-Medaille (Hans Kolmsee)<br>Wassereinbruch im Kalibergwerk in Vienenburg (Klaus R\u00f6ttger)<br>Buchvorstellung: Der Bad Harzburger \u201eDrei Burgen Weg\u201c \u00fcber den Kleinen und Gro\u00dfen Burgberg, sowie den Sachsenberg<br>Besinnliche HGV-Weihnachtsfeier (Frau Gruhn)<\/p>\n\n\n<div class=\"_3d-flip-book  fb3d-fullscreen-mode full-size\" data-id=\"1050\" data-mode=\"fullscreen\" data-title=\"false\" data-template=\"short-white-book-view\" data-lightbox=\"dark-shadow\" data-urlparam=\"fb3d-page\" data-page-n=\"0\" data-pdf=\"\" data-tax=\"null\" data-thumbnail=\"\" data-cols=\"3\" data-book-template=\"default\" data-trigger=\"\"><\/div><script type=\"text\/javascript\">window.FB3D_CLIENT_DATA = window.FB3D_CLIENT_DATA || [];FB3D_CLIENT_DATA.push('eyJwb3N0cyI6eyIxMDUwIjp7IklEIjoxMDUwLCJ0aXRsZSI6IlVLUyAxMjkgU2VwdGVtYmVyIC0gRGV6ZW1iZXIgMjAyMCIsInR5cGUiOiJwZGYiLCJyZWFkeV9mdW5jdGlvbiI6IiIsImJvb2tfc3R5bGUiOiJmbGF0IiwiYm9va190ZW1wbGF0ZSI6Im5vbmUiLCJvdXRsaW5lIjpbXSwiZGF0YSI6eyJwb3N0X0lEIjoiMTA1MSIsImd1aWQiOiJodHRwczpcL1wvZDNuYTdrOGN2aWZkNHQuY2xvdWRmcm9udC5uZXRcL3dwLWNvbnRlbnRcL3VwbG9hZHNcLzIwMjRcLzExXC8wODA3MjgzNlwvVUtTLTEyOS1TZXAtRGV6MjAyMC1PQ1IucGRmIiwicGRmX3BhZ2VzIjoiODgiLCJwYWdlc19jdXN0b21pemF0aW9uIjoibm9uZSJ9LCJ0aHVtYm5haWwiOnsiZGF0YSI6eyJwb3N0X0lEIjoiMCJ9LCJ0eXBlIjoiYXV0byJ9LCJwcm9wcyI6eyJiYWNrZ3JvdW5kQ29sb3IiOiJhdXRvIiwiYmFja2dyb3VuZEltYWdlIjoiYXV0byIsImJhY2tncm91bmRTdHlsZSI6ImF1dG8iLCJoaWdobGlnaHRMaW5rcyI6ImF1dG8iLCJsaWdodGluZyI6ImF1dG8iLCJzaW5nbGVQYWdlTW9kZSI6ImF1dG8iLCJjYWNoZWRQYWdlcyI6ImF1dG8iLCJyZW5kZXJJbmFjdGl2ZVBhZ2VzIjoiYXV0byIsInJlbmRlckluYWN0aXZlUGFnZXNPbk1vYmlsZSI6ImF1dG8iLCJyZW5kZXJXaGlsZUZsaXBwaW5nIjoiYXV0byIsInByZWxvYWRQYWdlcyI6ImF1dG8iLCJhdXRvUGxheUR1cmF0aW9uIjoiYXV0byIsInJ0bCI6ImF1dG8iLCJpbnRlcmFjdGl2ZUNvcm5lcnMiOiJhdXRvIiwibWF4RGVwdGgiOiJhdXRvIiwic2hlZXQiOnsic3RhcnRWZWxvY2l0eSI6ImF1dG8iLCJ3YXZlIjoiYXV0byIsInNoYXBlIjoiYXV0byIsIndpZHRoVGV4ZWxzIjoiYXV0byIsImNvbG9yIjoiYXV0byIsInNpZGUiOiJhdXRvIiwic3RyZXRjaEltYWdlcyI6ImF1dG8iLCJjb3JuZXJEZXZpYXRpb24iOiJhdXRvIiwiZmxleGliaWxpdHkiOiJhdXRvIiwiZmxleGlibGVDb3JuZXIiOiJhdXRvIiwiYmVuZGluZyI6ImF1dG8iLCJoZWlnaHRUZXhlbHMiOiJhdXRvIn0sImNvdmVyIjp7IndhdmUiOiJhdXRvIiwiY29sb3IiOiJhdXRvIiwic2lkZSI6ImF1dG8iLCJzdHJldGNoSW1hZ2VzIjoiYXV0byIsImJpbmRlclRleHR1cmUiOiJhdXRvIiwiZGVwdGgiOiJhdXRvIiwicGFkZGluZyI6ImF1dG8iLCJzdGFydFZlbG9jaXR5IjoiYXV0byIsImZsZXhpYmlsaXR5IjoiYXV0byIsImZsZXhpYmxlQ29ybmVyIjoiYXV0byIsImJlbmRpbmciOiJhdXRvIiwid2lkdGhUZXhlbHMiOiJhdXRvIiwiaGVpZ2h0VGV4ZWxzIjoiYXV0byIsIm1hc3MiOiJhdXRvIiwic2hhcGUiOiJhdXRvIn0sInBhZ2UiOnsid2F2ZSI6ImF1dG8iLCJjb2xvciI6ImF1dG8iLCJzaWRlIjoiYXV0byIsInN0cmV0Y2hJbWFnZXMiOiJhdXRvIiwiZGVwdGgiOiJhdXRvIiwic3RhcnRWZWxvY2l0eSI6ImF1dG8iLCJmbGV4aWJpbGl0eSI6ImF1dG8iLCJmbGV4aWJsZUNvcm5lciI6ImF1dG8iLCJiZW5kaW5nIjoiYXV0byIsIndpZHRoVGV4ZWxzIjoiYXV0byIsImhlaWdodFRleGVscyI6ImF1dG8iLCJtYXNzIjoiYXV0byIsInNoYXBlIjoiYXV0byJ9LCJoZWlnaHQiOiJhdXRvIiwid2lkdGgiOiJhdXRvIiwiZ3Jhdml0eSI6ImF1dG8iLCJwYWdlc0ZvclByZWRpY3RpbmciOiJhdXRvIn0sImNvbnRyb2xQcm9wcyI6eyJhY3Rpb25zIjp7ImNtZFRvYyI6eyJlbmFibGVkIjoiYXV0byIsImVuYWJsZWRJbk5hcnJvdyI6ImF1dG8iLCJhY3RpdmUiOiJhdXRvIiwiZGVmYXVsdFRhYiI6ImF1dG8ifSwiY21kQXV0b1BsYXkiOnsiZW5hYmxlZCI6ImF1dG8iLCJlbmFibGVkSW5OYXJyb3ciOiJhdXRvIiwiYWN0aXZlIjoiYXV0byJ9LCJjbWRTYXZlIjp7ImVuYWJsZWQiOiJhdXRvIiwiZW5hYmxlZEluTmFycm93IjoiYXV0byJ9LCJjbWRQcmludCI6eyJlbmFibGVkIjoiYXV0byIsImVuYWJsZWRJbk5hcnJvdyI6ImF1dG8ifSwiY21kU2luZ2xlUGFnZSI6eyJlbmFibGVkIjoiYXV0byIsImVuYWJsZWRJbk5hcnJvdyI6ImF1dG8iLCJhY3RpdmUiOiJhdXRvIiwiYWN0aXZlRm9yTW9iaWxlIjoiYXV0byJ9LCJ3aWRUb29sYmFyIjp7ImVuYWJsZWQiOiJhdXRvIiwiZW5hYmxlZEluTmFycm93IjoiYXV0byJ9fX0sImF1dG9UaHVtYm5haWwiOiJodHRwczpcL1wvYmxvZy5oYXJ6LWhpc3RvcnkuZGVcL3dwLWNvbnRlbnRcL3VwbG9hZHNcLzNkLWZsaXAtYm9va1wvYXV0by10aHVtYm5haWxzXC8xMDUwLnBuZyIsInBvc3RfbmFtZSI6InVrcy0xMjktc2VwdGVtYmVyLWRlemVtYmVyLTIwMjAiLCJwb3N0X3R5cGUiOiIzZC1mbGlwLWJvb2sifX0sInBhZ2VzIjpbXSwiZmlyc3RQYWdlcyI6W119');window.FB3D_CLIENT_LOCALE && FB3D_CLIENT_LOCALE.render && FB3D_CLIENT_LOCALE.render();<\/script>\n\n\n\n<p id=\"129\"><strong>August 129 September \u2013 Dezember 2020<\/strong><\/p>\n\n\n\n<p>Titelbild: Fluchtbrunnen Heinrichs des IV.<br>Wussten Sie schon, dass&#8230;? (Dieter Tramp)<br>Gedenksteine und Flurbezeichnungen (Hans-Hermann Wedekind)<br>Konrad Bothe und sein G\u00f6tze Krodo (Klaus R\u00f6ttger)<br>Auf den literarischen Spuren von J. W. Goethe, H. Heine und H. L\u00f6ns im Harz (Horst Woick)<br>Nord-S\u00fcd Hauptbahn (Dr. Kurt Neumann)<br>Der Historische Rundweg auf dem Burgberg Bad Harzburg oder: So k\u00f6nnte es gewesen sein (Reinhard Vierke)<br>Familie Koldewey (Dr. Brigitte Musche)<br>Ein Fall des Braunschweiger Milit\u00e4rgerichts unter Herzog Friedrich-Wilhelm im Jahr 1814 (Hans Kolmsee)<br>Die Stimmecke (Otto Pake)<\/p>\n","protected":false},"excerpt":{"rendered":"<p>Ausgabe 127 Januar \u2013 April 2020 Titelbild: 150 Jahre Werner-von-Siemens-GymnasiumWussten Sie schon, dass&#8230;? (Dieter Tramp)150 Jahre Werner-von-Siemens-Gymnasium, Teil 1 (Hans Willgeroth)Der bekannte Maler Adolph v. Menzel und Bad Harzburg (Horst Woick)Kurgastdame auf dem Esel feiert 30. Geburtstag (Manfred Gruner)Hackelberg und<\/p>\n","protected":false},"author":2,"featured_media":0,"parent":1029,"menu_order":0,"comment_status":"closed","ping_status":"closed","template":"","meta":{"footnotes":""},"class_list":["post-1038","page","type-page","status-publish","hentry"],"jetpack_sharing_enabled":true,"_links":{"self":[{"href":"https:\/\/blog.harz-history.de\/index.php?rest_route=\/wp\/v2\/pages\/1038","targetHints":{"allow":["GET"]}}],"collection":[{"href":"https:\/\/blog.harz-history.de\/index.php?rest_route=\/wp\/v2\/pages"}],"about":[{"href":"https:\/\/blog.harz-history.de\/index.php?rest_route=\/wp\/v2\/types\/page"}],"author":[{"embeddable":true,"href":"https:\/\/blog.harz-history.de\/index.php?rest_route=\/wp\/v2\/users\/2"}],"replies":[{"embeddable":true,"href":"https:\/\/blog.harz-history.de\/index.php?rest_route=%2Fwp%2Fv2%2Fcomments&post=1038"}],"version-history":[{"count":7,"href":"https:\/\/blog.harz-history.de\/index.php?rest_route=\/wp\/v2\/pages\/1038\/revisions"}],"predecessor-version":[{"id":1532,"href":"https:\/\/blog.harz-history.de\/index.php?rest_route=\/wp\/v2\/pages\/1038\/revisions\/1532"}],"up":[{"embeddable":true,"href":"https:\/\/blog.harz-history.de\/index.php?rest_route=\/wp\/v2\/pages\/1029"}],"wp:attachment":[{"href":"https:\/\/blog.harz-history.de\/index.php?rest_route=%2Fwp%2Fv2%2Fmedia&parent=1038"}],"curies":[{"name":"wp","href":"https:\/\/api.w.org\/{rel}","templated":true}]}}